{"id":8578,"date":"2023-09-29T14:44:13","date_gmt":"2023-09-29T12:44:13","guid":{"rendered":"https:\/\/hotelpartner-ym.com\/fr\/?page_id=8578"},"modified":"2023-10-24T10:39:35","modified_gmt":"2023-10-24T08:39:35","slug":"maximiser-votre-ca-avec-hotelpartner","status":"publish","type":"page","link":"https:\/\/hotelpartner.com\/fr\/maximiser-votre-ca-avec-hotelpartner\/","title":{"rendered":"Maximisez votre CA avec HotelPartner"},"content":{"rendered":"\n<div class=\"wp-block-group alignfull two-col-hero has-light-grey-background-color has-background\"><div class=\"wp-block-group__inner-container is-layout-constrained wp-block-group-is-layout-constrained\">\n<div class=\"wp-block-columns are-vertically-aligned-center is-layout-flex wp-container-core-columns-is-layout-9d6595d7 wp-block-columns-is-layout-flex\">\n<div class=\"wp-block-column is-vertically-aligned-center is-layout-flow wp-block-column-is-layout-flow\">\n<p>Optimisation du Revenue Management<\/p>\n\n\n\n<h1 class=\"wp-block-heading aos-fadeInUp has-like-h-2-font-size\" id=\"h-maximisez-votre-ca-grace-a-l-optimisation-de-votre-revenue-management-par-hotelpartner\" style=\"text-transform:uppercase\">maximisez votre CA gr\u00e2ce \u00e0 l&rsquo;optimisation de votre Revenue management par hotelpartner<\/h1>\n\n\n\n<p class=\"aos-fadeInUp aos-delay-100 has-medium-font-size\">Assurez votre succ\u00e8s \u00e0 long terme et l&rsquo;avantage concurrentiel de votre h\u00f4tel gr\u00e2ce \u00e0 notre engagement \u00e0 optimiser vos performances, votre efficacit\u00e9 et votre approche strat\u00e9gique en mati\u00e8re de revenue management et de distribution. <br>Forts de leurs ann\u00e9es d&rsquo;exp\u00e9rience et de leur capacit\u00e9 \u00e0 am\u00e9liorer les performances de nombreux h\u00f4tels, nos experts se consacrent \u00e0 votre r\u00e9ussite \u00e0 long terme.<\/p>\n\n\n\n<div class=\"wp-block-buttons is-layout-flex wp-block-buttons-is-layout-flex\">\n<div class=\"wp-block-button\"><a class=\"wp-block-button__link wp-element-button\" href=\"https:\/\/hotelpartner-ym.com\/fr\/contact\/\" target=\"_blank\" rel=\"noreferrer noopener\">Planifier un rendez-vous<\/a><\/div>\n\n\n\n<div class=\"wp-block-button\"><a class=\"wp-block-button__link has-blue-background-color has-background wp-element-button\" href=\"https:\/\/meetings-eu1.hubspot.com\/marjolaine-leveque\">Organiser un rappel<\/a><\/div>\n<\/div>\n<\/div>\n\n\n\n<div class=\"wp-block-column is-vertically-aligned-center mb-0 is-layout-flow wp-block-column-is-layout-flow\">\n<div class=\"wp-block-cover is-light\"><span aria-hidden=\"true\" class=\"wp-block-cover__background has-background-dim-0 has-background-dim\"><\/span><img loading=\"lazy\" decoding=\"async\" width=\"2560\" height=\"1707\" class=\"wp-block-cover__image-background wp-image-8375\" alt=\"\" src=\"https:\/\/hotelpartner-ym.com\/fr\/wp-content\/uploads\/sites\/3\/2023\/09\/hotelpartner-optimierung-3-scaled.jpg\" data-object-fit=\"cover\" srcset=\"https:\/\/hotelpartner.com\/fr\/wp-content\/uploads\/sites\/3\/2023\/09\/hotelpartner-optimierung-3-scaled.jpg 2560w, https:\/\/hotelpartner.com\/fr\/wp-content\/uploads\/sites\/3\/2023\/09\/hotelpartner-optimierung-3-scaled-300x200.jpg 300w, https:\/\/hotelpartner.com\/fr\/wp-content\/uploads\/sites\/3\/2023\/09\/hotelpartner-optimierung-3-scaled-1024x683.jpg 1024w, https:\/\/hotelpartner.com\/fr\/wp-content\/uploads\/sites\/3\/2023\/09\/hotelpartner-optimierung-3-scaled-768x512.jpg 768w, https:\/\/hotelpartner.com\/fr\/wp-content\/uploads\/sites\/3\/2023\/09\/hotelpartner-optimierung-3-scaled-1536x1024.jpg 1536w, https:\/\/hotelpartner.com\/fr\/wp-content\/uploads\/sites\/3\/2023\/09\/hotelpartner-optimierung-3-scaled-2048x1366.jpg 2048w, https:\/\/hotelpartner.com\/fr\/wp-content\/uploads\/sites\/3\/2023\/09\/hotelpartner-optimierung-3-scaled-1140x760.jpg 1140w, https:\/\/hotelpartner.com\/fr\/wp-content\/uploads\/sites\/3\/2023\/09\/hotelpartner-optimierung-3-scaled-560x373.jpg 560w\" sizes=\"auto, (max-width: 2560px) 100vw, 2560px\" \/><div class=\"wp-block-cover__inner-container is-layout-flow wp-block-cover-is-layout-flow\">\n<p class=\"has-text-align-center has-large-font-size\"><\/p>\n<\/div><\/div>\n<\/div>\n<\/div>\n<\/div><\/div>\n\n\n\n<div class=\"wp-block-group\"><div class=\"wp-block-group__inner-container is-layout-flow wp-block-group-is-layout-flow\">\n<div class=\"wp-block-columns is-layout-flex wp-container-core-columns-is-layout-9d6595d7 wp-block-columns-is-layout-flex\">\n<div class=\"wp-block-column is-vertically-aligned-center is-layout-flow wp-block-column-is-layout-flow\" style=\"flex-basis:40%\">\n<h2 class=\"wp-block-heading\" id=\"h-toujours-un-pas-d-avance\">TOUJOURS UN PAS D&rsquo;AVANCE<\/h2>\n\n\n\n<p>Affrontez les al\u00e9as du march\u00e9 en toute confiance et tirez parti de d\u00e9cennies d&rsquo;exp\u00e9rience strat\u00e9gique soutenue par une technologie de pointe pour am\u00e9liorer vos performances et votre rentabilit\u00e9.<\/p>\n\n\n\n<div class=\"wp-block-buttons is-layout-flex wp-block-buttons-is-layout-flex\">\n<div class=\"wp-block-button\"><a class=\"wp-block-button__link wp-element-button\" href=\"https:\/\/hotelpartner-ym.com\/fr\/contact\/\" target=\"_blank\" rel=\"noreferrer noopener\">Planifier un rendez-vous<\/a><\/div>\n<\/div>\n<\/div>\n\n\n\n<div class=\"wp-block-column is-vertically-aligned-center is-layout-flow wp-block-column-is-layout-flow\" style=\"flex-basis:60%\">\n    <div id=\"block_4dcc818f4de1be7297cfe10db845a438\" class=\"wx-testimonials\">\n\n        \n        \n            <div class=\"testimonial-item\">\n                            <div class=\"testimonial-item__author\">\n                    <img loading=\"lazy\" decoding=\"async\" width=\"150\" height=\"150\" src=\"https:\/\/hotelpartner.com\/fr\/wp-content\/uploads\/sites\/3\/2023\/09\/0006-WE-ART-STUDIO-scaled-e1695994983530-150x150.jpg\" class=\"corner-bubble-shape wp-post-image\" alt=\"\" \/>                <\/div>\n                \n                <div class=\"testimonial-item__main card\">\n                                    <div class=\"testimonial-content\">\n                        \n<blockquote class=\"wp-block-quote has-text-align-left is-layout-flow wp-block-quote-is-layout-flow\">\n<p>Fort de vingt ann\u00e9es pass\u00e9es au c\u0153ur de l\u2019h\u00f4tellerie, je mesure bien les petits tracas et les grandes inqui\u00e9tudes des h\u00f4teliers \u2013 les p\u00e9riodes d\u2019incertitude, les strat\u00e9gies qui ne donnent pas les r\u00e9sultats escompt\u00e9s et les opportunit\u00e9s de croissance qui passent inaper\u00e7ues. Notre engagement, c&rsquo;est de mettre \u00e0 profit ce que nous avons appris sur le terrain pour aider votre h\u00f4tel \u00e0 mieux g\u00e9rer ses revenus. Ensemble, nous aborderons ces probl\u00e9matiques, et travaillerons pas \u00e0 pas pour amener votre h\u00f4tel \u00e0 atteindre ses objectifs.<\/p>\n<cite><strong>Marjolaine Leveque<\/strong> Business Developer France<\/cite><\/blockquote>\n                    <\/div>\n                <\/div>\n            <\/div>\n        \n            <\/div>\n\n<\/div>\n<\/div>\n<\/div><\/div>\n\n\n\n<div class=\"wp-block-group alignfull has-light-grey-background-color has-background\"><div class=\"wp-block-group__inner-container is-layout-constrained wp-block-group-is-layout-constrained\">\n<div class=\"wp-block-group is-horizontal is-content-justification-space-between is-layout-flex wp-container-core-group-is-layout-575e9a1f wp-block-group-is-layout-flex\">\n<h2 class=\"wp-block-heading has-text-align-left mb-0\" id=\"h-l-optimisation-du-revenue-management\">L&rsquo;optimisation du Revenue Management<\/h2>\n\n\n\n<div class=\"wp-block-buttons is-content-justification-left is-layout-flex wp-container-core-buttons-is-layout-497c4cc1 wp-block-buttons-is-layout-flex\">\n<div class=\"wp-block-button alignright\"><a class=\"wp-block-button__link wp-element-button\" href=\"https:\/\/hotelpartner-ym.com\/fr\/contact\/\" target=\"_blank\" rel=\"noreferrer noopener\">Planifier un rendez-vous<\/a><\/div>\n<\/div>\n<\/div>\n\n\n\n<div style=\"height:3em\" aria-hidden=\"true\" class=\"wp-block-spacer\"><\/div>\n\n\n\n<div class=\"wp-block-columns is-layout-flex wp-container-core-columns-is-layout-9d6595d7 wp-block-columns-is-layout-flex\">\n<div class=\"wp-block-column is-layout-flow wp-block-column-is-layout-flow\">\n<div id=\"block_972da724be37f29e88728822f399ca1f\" class=\"wx-block-card card is-full-height\">\n    <div class=\"acf-innerblocks-container\">\n\n<h3 class=\"wp-block-heading\" id=\"h-mise-au-point-strategique\">Mise au point strat\u00e9gique<\/h3>\n\n\n\n<p>Pour garantir une croissance durable de vos revenus en accord avec vos objectifs strat\u00e9giques, nous contr\u00f4lons, analysons et optimisons constamment les facteurs strat\u00e9giques cl\u00e9s, notamment :<\/p>\n\n\n\n<ul class=\"wp-block-list\">\n<li>Produit<\/li>\n\n\n\n<li>USP<\/li>\n\n\n\n<li>Public cible<\/li>\n\n\n\n<li>Comportement de r\u00e9servation<\/li>\n\n\n\n<li>P\u00e9riodes de demande<\/li>\n\n\n\n<li>Concurrence et march\u00e9<\/li>\n\n\n\n<li>Canaux de distribution<\/li>\n\n\n\n<li>Ev\u00e9nements<\/li>\n\n\n\n<li>Structures tarifaires<\/li>\n\n\n\n<li>Mod\u00e8les de tarification<\/li>\n\n\n\n<li>Cadre de tarification<\/li>\n\n\n\n<li>Configuration des prix<\/li>\n\n\n\n<li>Segmentation<\/li>\n\n\n\n<li>Business mix<\/li>\n<\/ul>\n\n\n\n<p class=\"has-orange-color has-text-color\"><strong>B\u00e9n\u00e9ficiez de :<\/strong><\/p>\n\n\n\n<ul class=\"wp-block-list\">\n<li>Croissance durable des revenus<\/li>\n\n\n\n<li>Optimisation continue<\/li>\n<\/ul>\n\n<\/div>\n<\/div><\/div>\n\n\n\n<div class=\"wp-block-column is-layout-flow wp-block-column-is-layout-flow\">\n<div id=\"block_972da724be37f29e88728822f399ca1f\" class=\"wx-block-card card is-full-height\">\n    <div class=\"acf-innerblocks-container\">\n\n<h3 class=\"wp-block-heading\" id=\"h-pricing-amp-structure-tarifaire\">Pricing &amp; Structure tarifaire<\/h3>\n\n\n\n<p>La fr\u00e9quence de notre rate shopper permet des mises \u00e0 jour rapides et une adaptabilit\u00e9 gr\u00e2ce \u00e0 des r\u00e8gles pr\u00e9d\u00e9finies, tandis que nos experts s&rsquo;appuient sur des informations fond\u00e9es sur des donn\u00e9es pour optimiser le syst\u00e8me :<\/p>\n\n\n\n<ul class=\"wp-block-list\">\n<li>Structures tarifaires innovantes<\/li>\n\n\n\n<li>Structures tarifaires existantes<\/li>\n\n\n\n<li>Prix plafonds<\/li>\n\n\n\n<li>Gestion des rates<\/li>\n\n\n\n<li>Attribution des rates<\/li>\n\n\n\n<li>Cadres du pricing<\/li>\n\n\n\n<li>Tarification bas\u00e9e sur le march\u00e9<\/li>\n\n\n\n<li>Tarification par segment<\/li>\n\n\n\n<li>Tarification bas\u00e9e sur la demande<\/li>\n\n\n\n<li>Tarification des piques de demande inattendus<\/li>\n<\/ul>\n\n\n\n<p class=\"has-orange-color has-text-color\"><strong><strong><strong>B\u00e9n\u00e9ficiez de :<\/strong><\/strong><\/strong><\/p>\n\n\n\n<ul class=\"wp-block-list\">\n<li>Des prix optimis\u00e9s<\/li>\n\n\n\n<li>Un mod\u00e8le de pricing align\u00e9<\/li>\n<\/ul>\n\n<\/div>\n<\/div><\/div>\n\n\n\n<div class=\"wp-block-column is-layout-flow wp-block-column-is-layout-flow\">\n<div id=\"block_972da724be37f29e88728822f399ca1f\" class=\"wx-block-card card is-full-height\">\n    <div class=\"acf-innerblocks-container\">\n\n<h3 class=\"wp-block-heading\" id=\"h-processus-operationnel\">Processus op\u00e9rationnel<\/h3>\n\n\n\n<p>Notre plateforme HotelPartner tout-en-un offre des outils pour am\u00e9liorer votre efficacit\u00e9 op\u00e9rationnelle et r\u00e9duire la charge de travail de vos employ\u00e9s. <br>Gr\u00e2ce \u00e0 une interface bidirectionnelle, les r\u00e9servations, les prix et les donn\u00e9es du march\u00e9 sont mis \u00e0 jour en temps r\u00e9el et communiqu\u00e9s de mani\u00e8re transparente \u00e0 travers toutes les connectivit\u00e9s, ce qui permet :<\/p>\n\n\n\n<ul class=\"wp-block-list\">\n<li>Processus de r\u00e9servation infaillible<\/li>\n\n\n\n<li>Gestion automatis\u00e9e des inventaires<\/li>\n\n\n\n<li>Gestion dynamique des offres<\/li>\n\n\n\n<li>Rapports automatis\u00e9s<\/li>\n\n\n\n<li>Vue d&rsquo;ensemble des donn\u00e9es<\/li>\n<\/ul>\n\n\n\n<p class=\"has-orange-color has-text-color\"><strong><strong><strong><strong><strong>B\u00e9n\u00e9ficiez de :<\/strong><\/strong><\/strong><\/strong><\/strong><\/p>\n\n\n\n<ul class=\"wp-block-list\">\n<li>Optimisation en temps r\u00e9el<\/li>\n\n\n\n<li>Efficacit\u00e9 op\u00e9rationnelle rationalis\u00e9e<\/li>\n<\/ul>\n\n<\/div>\n<\/div><\/div>\n<\/div>\n<\/div><\/div>\n\n\n\n<div class=\"wp-block-group\"><div class=\"wp-block-group__inner-container is-layout-flow wp-block-group-is-layout-flow\">\n<div class=\"wp-block-columns is-layout-flex wp-container-core-columns-is-layout-9d6595d7 wp-block-columns-is-layout-flex\">\n<div class=\"wp-block-column is-vertically-aligned-center is-layout-flow wp-block-column-is-layout-flow\" style=\"flex-basis:60%\">\n    <div id=\"block_e1ebe793feb1d54187c076bf98b1a7ee\" class=\"wx-testimonials\">\n\n        \n        \n            <div class=\"testimonial-item\">\n                            <div class=\"testimonial-item__author\">\n                    <img loading=\"lazy\" decoding=\"async\" width=\"150\" height=\"150\" src=\"https:\/\/hotelpartner.com\/fr\/wp-content\/uploads\/sites\/3\/2023\/07\/Romain-et-Jean-Marc-Lahondes-150x150.jpg\" class=\"corner-bubble-shape wp-post-image\" alt=\"\" \/>                <\/div>\n                \n                <div class=\"testimonial-item__main card\">\n                                    <div class=\"hotel-info\">\n                                            <div class=\"hotel-info__stars\">\n                        <svg xmlns=\"http:\/\/www.w3.org\/2000\/svg\" width=\"12.539\" height=\"12.001\" viewBox=\"0 0 12.539 12.001\"><path d=\"M6.077-10.083l-1.53,3.1-3.424.5A.75.75,0,0,0,.708-5.2L3.185-2.787,2.6.623a.75.75,0,0,0,1.087.79L6.75-.2l3.063,1.61A.75.75,0,0,0,10.9.623l-.586-3.41L12.792-5.2a.75.75,0,0,0-.415-1.28l-3.424-.5-1.53-3.1A.751.751,0,0,0,6.077-10.083Z\" transform=\"translate(-0.48 10.5)\" fill=\"#EF7D00\"\/><\/svg><svg xmlns=\"http:\/\/www.w3.org\/2000\/svg\" width=\"12.539\" height=\"12.001\" viewBox=\"0 0 12.539 12.001\"><path d=\"M6.077-10.083l-1.53,3.1-3.424.5A.75.75,0,0,0,.708-5.2L3.185-2.787,2.6.623a.75.75,0,0,0,1.087.79L6.75-.2l3.063,1.61A.75.75,0,0,0,10.9.623l-.586-3.41L12.792-5.2a.75.75,0,0,0-.415-1.28l-3.424-.5-1.53-3.1A.751.751,0,0,0,6.077-10.083Z\" transform=\"translate(-0.48 10.5)\" fill=\"#EF7D00\"\/><\/svg><svg xmlns=\"http:\/\/www.w3.org\/2000\/svg\" width=\"12.539\" height=\"12.001\" viewBox=\"0 0 12.539 12.001\"><path d=\"M6.077-10.083l-1.53,3.1-3.424.5A.75.75,0,0,0,.708-5.2L3.185-2.787,2.6.623a.75.75,0,0,0,1.087.79L6.75-.2l3.063,1.61A.75.75,0,0,0,10.9.623l-.586-3.41L12.792-5.2a.75.75,0,0,0-.415-1.28l-3.424-.5-1.53-3.1A.751.751,0,0,0,6.077-10.083Z\" transform=\"translate(-0.48 10.5)\" fill=\"#EF7D00\"\/><\/svg><svg xmlns=\"http:\/\/www.w3.org\/2000\/svg\" width=\"12.539\" height=\"12.001\" viewBox=\"0 0 12.539 12.001\"><path d=\"M6.077-10.083l-1.53,3.1-3.424.5A.75.75,0,0,0,.708-5.2L3.185-2.787,2.6.623a.75.75,0,0,0,1.087.79L6.75-.2l3.063,1.61A.75.75,0,0,0,10.9.623l-.586-3.41L12.792-5.2a.75.75,0,0,0-.415-1.28l-3.424-.5-1.53-3.1A.751.751,0,0,0,6.077-10.083Z\" transform=\"translate(-0.48 10.5)\" fill=\"#EF7D00\"\/><\/svg>                        <\/div>\n                                                <h3 class=\"hotel-info__name\">Etats-Unis Op\u00e9ra &#8211; Paris<\/h3>\n                    <\/div>\n                                        <div class=\"testimonial-content\">\n                        \n<blockquote class=\"wp-block-quote has-text-align-left is-layout-flow wp-block-quote-is-layout-flow\">\n<p>La collaboration avec HotelPartner a \u00e9t\u00e9 une franche r\u00e9ussite, nous n&rsquo;avons jamais atteints de tels chiffres. Je m\u2019attendais \u00e0 une approche purement technique et j\u2019ai d\u00e9couvert une solide ma\u00eetrise et hauteur de vue. Si je devais retenir les points les plus cruciaux sur lesquels nous nous sommes beaucoup am\u00e9lior\u00e9s gr\u00e2ce \u00e0 cette collaboration, je dirais : la flexibilit\u00e9 dans la gestion de l&rsquo;inventaire et une adaptation de l\u2019offre \u00e0 la demande.<\/p>\n<cite><strong>Romain Lahond\u00e8s<\/strong> General Manager<\/cite><\/blockquote>\n                    <\/div>\n                <\/div>\n            <\/div>\n        \n            <\/div>\n\n<\/div>\n\n\n\n<div class=\"wp-block-column is-vertically-aligned-center is-layout-flow wp-block-column-is-layout-flow\" style=\"flex-basis:40%\">\n<h2 class=\"wp-block-heading\" id=\"h-des-c-lients-satisfaits-et-des-partenaires-a-long-terme\">Des c<strong>lients satisfaits et des partenaires \u00e0 long terme<\/strong><\/h2>\n\n\n\n<p>Avec plus de 500 h\u00f4tels partenaires \u00e0 travers l&rsquo;Europe, nous connaissons les difficult\u00e9s du secteur auxquelles vous \u00eates confront\u00e9s et nous vous offrons donc toutes les ressources dont vous avez besoin pour minimiser vos efforts de revenue management, maximiser votre chiffre d&rsquo;affaires et vous aider \u00e0 gagner du temps pour vous concentrer sur l&rsquo;essentiel de votre activit\u00e9 : vos clients.<\/p>\n\n\n\n<div class=\"wp-block-buttons is-layout-flex wp-block-buttons-is-layout-flex\">\n<div class=\"wp-block-button\"><a class=\"wp-block-button__link wp-element-button\" href=\"https:\/\/hotelpartner-ym.com\/fr\/contact\/\" target=\"_blank\" rel=\"noreferrer noopener\">Planifier un rendez-vous<\/a><\/div>\n<\/div>\n<\/div>\n<\/div>\n<\/div><\/div>\n\n\n\n<div class=\"wp-block-group\"><div class=\"wp-block-group__inner-container is-layout-constrained wp-block-group-is-layout-constrained\">\n<h2 class=\"wp-block-heading has-text-align-center\" id=\"h-securisez-votre-avantage-concurrentiel\">S\u00e9curisez votre avantage concurrentiel<\/h2>\n\n\n\n<div class=\"wp-block-columns three-steps is-layout-flex wp-container-core-columns-is-layout-9d6595d7 wp-block-columns-is-layout-flex\">\n<div class=\"wp-block-column step card card--outline aos-fadeInUp is-layout-flow wp-block-column-is-layout-flow\">\n<p class=\"has-text-align-center step__number\">1<\/p>\n\n\n<div class=\"wp-block-image step__image\">\n<figure class=\"aligncenter size-full\"><img loading=\"lazy\" decoding=\"async\" width=\"900\" height=\"600\" src=\"https:\/\/hotelpartner-ym.com\/fr\/wp-content\/uploads\/sites\/3\/2023\/09\/hotelpartner-expertise-2-comp.jpg\" alt=\"\" class=\"wp-image-8391\" srcset=\"https:\/\/hotelpartner.com\/fr\/wp-content\/uploads\/sites\/3\/2023\/09\/hotelpartner-expertise-2-comp.jpg 900w, https:\/\/hotelpartner.com\/fr\/wp-content\/uploads\/sites\/3\/2023\/09\/hotelpartner-expertise-2-comp-300x200.jpg 300w, https:\/\/hotelpartner.com\/fr\/wp-content\/uploads\/sites\/3\/2023\/09\/hotelpartner-expertise-2-comp-768x512.jpg 768w, https:\/\/hotelpartner.com\/fr\/wp-content\/uploads\/sites\/3\/2023\/09\/hotelpartner-expertise-2-comp-560x373.jpg 560w\" sizes=\"auto, (max-width: 900px) 100vw, 900px\" \/><\/figure>\n<\/div>\n\n\n<h3 class=\"wp-block-heading has-text-align-center synergy__title h4 has-blue-color has-text-color\">Programmez un entretien digital avec le sp\u00e9cialiste de votre r\u00e9gion<\/h3>\n\n\n\n<p class=\"has-text-align-center step__description\">Premi\u00e8rement, nous analysons vos donn\u00e9es cl\u00e9s. Ensuite nous vous pr\u00e9sentons nos mod\u00e8les d\u2019affaires et cr\u00e9ons une offre individuelle pour votre h\u00f4tel.<\/p>\n<\/div>\n\n\n\n<div class=\"wp-block-column step card card--outline aos-fadeInUp aos-delay-500 is-layout-flow wp-block-column-is-layout-flow\">\n<p class=\"has-text-align-center step__number\">2<\/p>\n\n\n<div class=\"wp-block-image step__image\">\n<figure class=\"aligncenter size-full\"><img loading=\"lazy\" decoding=\"async\" width=\"900\" height=\"600\" src=\"https:\/\/hotelpartner-ym.com\/fr\/wp-content\/uploads\/sites\/3\/2023\/09\/hotelpartner-expertise-4-comp.jpg\" alt=\"\" class=\"wp-image-8392\" srcset=\"https:\/\/hotelpartner.com\/fr\/wp-content\/uploads\/sites\/3\/2023\/09\/hotelpartner-expertise-4-comp.jpg 900w, https:\/\/hotelpartner.com\/fr\/wp-content\/uploads\/sites\/3\/2023\/09\/hotelpartner-expertise-4-comp-300x200.jpg 300w, https:\/\/hotelpartner.com\/fr\/wp-content\/uploads\/sites\/3\/2023\/09\/hotelpartner-expertise-4-comp-768x512.jpg 768w, https:\/\/hotelpartner.com\/fr\/wp-content\/uploads\/sites\/3\/2023\/09\/hotelpartner-expertise-4-comp-560x373.jpg 560w\" sizes=\"auto, (max-width: 900px) 100vw, 900px\" \/><\/figure>\n<\/div>\n\n\n<h3 class=\"wp-block-heading has-text-align-center synergy__title h4 has-blue-color has-text-color\">Obtenez votre strat\u00e9gie de revenus personnalis\u00e9e<\/h3>\n\n\n\n<p class=\"has-text-align-center step__description\">Deuxi\u00e8mement, nous cr\u00e9ons et vous pr\u00e9sentons votre strat\u00e9gie individuelle de Revenue Management.<\/p>\n<\/div>\n\n\n\n<div class=\"wp-block-column step card card--outline aos-fadeInUp aos-delay-1000 is-layout-flow wp-block-column-is-layout-flow\">\n<p class=\"has-text-align-center step__number\">3<\/p>\n\n\n<div class=\"wp-block-image step__image\">\n<figure class=\"aligncenter size-full\"><img loading=\"lazy\" decoding=\"async\" width=\"800\" height=\"533\" src=\"https:\/\/hotelpartner-ym.com\/fr\/wp-content\/uploads\/sites\/3\/2023\/09\/DSC7593-1.jpg\" alt=\"\" class=\"wp-image-8378\" srcset=\"https:\/\/hotelpartner.com\/fr\/wp-content\/uploads\/sites\/3\/2023\/09\/DSC7593-1.jpg 800w, https:\/\/hotelpartner.com\/fr\/wp-content\/uploads\/sites\/3\/2023\/09\/DSC7593-1-300x200.jpg 300w, https:\/\/hotelpartner.com\/fr\/wp-content\/uploads\/sites\/3\/2023\/09\/DSC7593-1-768x512.jpg 768w, https:\/\/hotelpartner.com\/fr\/wp-content\/uploads\/sites\/3\/2023\/09\/DSC7593-1-560x373.jpg 560w\" sizes=\"auto, (max-width: 800px) 100vw, 800px\" \/><\/figure>\n<\/div>\n\n\n<h3 class=\"wp-block-heading has-text-align-center synergy__title h4 has-blue-color has-text-color\">Appliquez votre strat\u00e9gie avec HotelPartner<\/h3>\n\n\n\n<p class=\"has-text-align-center step__description\">Finalement, nous nous occupons du processus complet de mise en place et vous formons aux nouveaux outils.<\/p>\n<\/div>\n<\/div>\n<\/div><\/div>\n\n\n\n<div class=\"wp-block-buttons aos-fadeInUp aos-delay-200 is-content-justification-center is-layout-flex wp-container-core-buttons-is-layout-16018d1d wp-block-buttons-is-layout-flex\">\n<div class=\"wp-block-button\"><a class=\"wp-block-button__link wp-element-button\" href=\"https:\/\/hotelpartner-ym.com\/fr\/contact\/\" target=\"_blank\" rel=\"noreferrer noopener\">Planifier un rendez-vous<\/a><\/div>\n\n\n\n<div class=\"wp-block-button\"><a class=\"wp-block-button__link has-blue-background-color has-background wp-element-button\" href=\"https:\/\/meetings-eu1.hubspot.com\/marjolaine-leveque\">Organiser un rappel<\/a><\/div>\n<\/div>\n","protected":false},"excerpt":{"rendered":"<p>Optimisation du Revenue Management maximisez votre CA gr\u00e2ce \u00e0 l&rsquo;optimisation de votre Revenue management par hotelpartner Assurez votre succ\u00e8s \u00e0 long terme et l&rsquo;avantage&hellip;<\/p>\n","protected":false},"author":6,"featured_media":0,"parent":0,"menu_order":0,"comment_status":"closed","ping_status":"closed","template":"","meta":{"_acf_changed":false,"content-type":"","editor_notices":[],"footnotes":""},"class_list":["post-8578","page","type-page","status-publish","hentry","entry"],"acf":[],"_links":{"self":[{"href":"https:\/\/hotelpartner.com\/fr\/wp-json\/wp\/v2\/pages\/8578","targetHints":{"allow":["GET"]}}],"collection":[{"href":"https:\/\/hotelpartner.com\/fr\/wp-json\/wp\/v2\/pages"}],"about":[{"href":"https:\/\/hotelpartner.com\/fr\/wp-json\/wp\/v2\/types\/page"}],"author":[{"embeddable":true,"href":"https:\/\/hotelpartner.com\/fr\/wp-json\/wp\/v2\/users\/6"}],"replies":[{"embeddable":true,"href":"https:\/\/hotelpartner.com\/fr\/wp-json\/wp\/v2\/comments?post=8578"}],"version-history":[{"count":9,"href":"https:\/\/hotelpartner.com\/fr\/wp-json\/wp\/v2\/pages\/8578\/revisions"}],"predecessor-version":[{"id":8834,"href":"https:\/\/hotelpartner.com\/fr\/wp-json\/wp\/v2\/pages\/8578\/revisions\/8834"}],"wp:attachment":[{"href":"https:\/\/hotelpartner.com\/fr\/wp-json\/wp\/v2\/media?parent=8578"}],"curies":[{"name":"wp","href":"https:\/\/api.w.org\/{rel}","templated":true}]}}