{"id":3,"date":"2020-12-16T14:32:53","date_gmt":"2020-12-16T13:32:53","guid":{"rendered":"http:\/\/hotelpartner-ym.com\/fr\/?page_id=3"},"modified":"2023-09-05T17:56:28","modified_gmt":"2023-09-05T15:56:28","slug":"privacy-policy","status":"publish","type":"page","link":"https:\/\/hotelpartner.com\/fr\/privacy-policy\/","title":{"rendered":"Politique de confidentialit\u00e9"},"content":{"rendered":"\n<div class=\"wp-block-group\"><div class=\"wp-block-group__inner-container is-layout-flow wp-block-group-is-layout-flow\">\n<h1 class=\"wp-block-heading has-text-align-center\" id=\"h-protection-des-donnees\">Protection des donn\u00e9es<\/h1>\n\n\n\n<p class=\"has-text-align-center is-style-narrow-600\">La protection de vos donn\u00e9es personnelles est tr\u00e8s importante pour nous. C&rsquo;est pourquoi nous traitons vos donn\u00e9es exclusivement sur la base des dispositions l\u00e9gales (DSGVO, TKG 2003). Dans cette politique de confidentialit\u00e9, nous vous informons sur les aspects les plus importants du traitement des donn\u00e9es sur notre site web.<\/p>\n\n\n\n<div style=\"height:30px\" aria-hidden=\"true\" class=\"wp-block-spacer\"><\/div>\n\n\n\n<div class=\"wp-block-columns is-layout-flex wp-container-core-columns-is-layout-9d6595d7 wp-block-columns-is-layout-flex\">\n<div class=\"wp-block-column is-layout-flow wp-block-column-is-layout-flow\">\n<h2 class=\"wp-block-heading h4\" id=\"h-contactez-nous\">Contactez-nous<\/h2>\n\n\n\n<p>Si vous nous contactez via le formulaire du site web ou par e-mail, vos donn\u00e9es seront stock\u00e9es chez nous dans le but de traiter la demande et en cas de questions de suivi. Nous ne partagerons pas ces informations sans votre consentement.<\/p>\n\n\n\n<div style=\"height:30px\" aria-hidden=\"true\" class=\"wp-block-spacer\"><\/div>\n\n\n\n<h2 class=\"wp-block-heading h4\" id=\"h-cookies\">Cookies<\/h2>\n\n\n\n<p>Notre site web utilise ce que l&rsquo;on appelle des \u00ab\u00a0cookies\u00a0\u00bb. Il s&rsquo;agit de petits fichiers texte qui sont stock\u00e9s sur votre appareil \u00e0 l&rsquo;aide du navigateur. Ils ne causent aucun dommage.<\/p>\n\n\n\n<p>Nous utilisons des cookies pour rendre notre offre plus conviviale. Certains cookies restent stock\u00e9s sur votre appareil jusqu&rsquo;\u00e0 ce que vous les supprimiez. Ils nous permettent de reconna\u00eetre votre navigateur lors de votre prochaine visite.<\/p>\n\n\n\n<p>Si vous ne le souhaitez pas, vous pouvez configurer votre navigateur de mani\u00e8re \u00e0 ce qu&rsquo;il vous informe de l&rsquo;installation de cookies et que vous ne l&rsquo;autorisiez qu&rsquo;au cas par cas.<\/p>\n\n\n\n<p>La d\u00e9sactivation des cookies peut limiter la fonctionnalit\u00e9 de notre site web.<\/p>\n\n\n<p>[borlabs-cookie type=\u00a0\u00bbbtn-cookie-preference\u00a0\u00bb title=\u00a0\u00bbModifier les param\u00e8tres des cookies\u00a0\u00bb\/]<\/p>\n\n\n\n<div style=\"height:30px\" aria-hidden=\"true\" class=\"wp-block-spacer\"><\/div>\n\n\n\n<h2 class=\"wp-block-heading h4\" id=\"h-web-analytics\">Web analytics<\/h2>\n\n\n\n<p>Ce site utilise Google Analytics, un service d&rsquo;analyse de site internet fourni par Google Inc. (\u00ab\u00a0Google\u00a0\u00bb) Google Analytics utilise des \u00ab\u00a0cookies\u00a0\u00bb, des fichiers texte qui sont stock\u00e9s sur votre ordinateur et qui permettent d&rsquo;analyser l&rsquo;utilisation du site internet. Les informations g\u00e9n\u00e9r\u00e9es par les cookies concernant votre utilisation de ce site (y compris votre adresse IP) sont transmises \u00e0 un serveur de Google o\u00f9 elles sont enregistr\u00e9es. Google utilisera ces informations pour \u00e9valuer l&rsquo;utilisation du site web et compiler des rapports sur les activit\u00e9s du site web. Nous n&rsquo;utilisons ces informations qu&rsquo;\u00e0 des fins d&rsquo;\u00e9tudes de march\u00e9 et d&rsquo;optimisation de la conception du site.<\/p>\n\n\n\n<p>Google est susceptible de communiquer ces informations \u00e0 des tiers en cas d&rsquo;obligation l\u00e9gale ou dans la mesure o\u00f9 des tiers traitent ces donn\u00e9es pour le compte de Google. Google n&rsquo;associera jamais votre adresse IP \u00e0 d&rsquo;autres donn\u00e9es. Vous pouvez emp\u00eacher l&rsquo;installation des cookies en param\u00e9trant votre logiciel de navigation en cons\u00e9quence. Dans ce cas, il se peut que vous ne puissiez pas utiliser toutes les fonctions de ce site. En utilisant ce site Internet, vous consentez express\u00e9ment au traitement de vos donn\u00e9es nominatives par Google dans les conditions et pour les finalit\u00e9s d\u00e9crites ci-dessus.<\/p>\n\n\n\n<p>Si vous ne souhaitez pas que vos donn\u00e9es anonymes soient utilis\u00e9es \u00e0 des fins d&rsquo;analyse du site web, voici un outil de d\u00e9sactivation : GA-OptOut : <a href=\"https:\/\/tools.google.com\/dlpage\/gaoptout\/\">https:\/\/tools.google.com\/dlpage\/gaoptout\/<\/a><\/p>\n\n\n\n<div style=\"height:30px\" aria-hidden=\"true\" class=\"wp-block-spacer\"><\/div>\n\n\n\n<h2 class=\"wp-block-heading h4\" id=\"h-mouseflow\">Mouseflow<\/h2>\n\n\n\n<p>Ce site web utilise Mouseflow, un outil d&rsquo;analyse web de Mouseflow ApS, Flaesketorvet 68, 1711 Copenhague, Danemark. Le traitement des donn\u00e9es a pour but d&rsquo;analyser ce site web et ses visiteurs. \u00c0 cet effet, des donn\u00e9es sont collect\u00e9es et enregistr\u00e9es \u00e0 des fins de marketing et d&rsquo;optimisation. Des profils d&rsquo;utilisation peuvent \u00eatre cr\u00e9\u00e9s \u00e0 partir de ces donn\u00e9es sous un pseudonyme. Aucun cookie n&rsquo;est utilis\u00e9. L&rsquo;outil d&rsquo;analyse web Mouseflow enregistre des visites individuelles s\u00e9lectionn\u00e9es au hasard (uniquement avec une adresse IP anonymis\u00e9e). Il en r\u00e9sulte un protocole des mouvements de la souris et des clics dans le but de reproduire au hasard les diff\u00e9rentes visites du site web et d&rsquo;en d\u00e9duire des am\u00e9liorations potentielles pour le site web. Les donn\u00e9es collect\u00e9es par Mouseflow ne sont pas utilis\u00e9es pour identifier personnellement le visiteur de ce site sans l&rsquo;accord s\u00e9par\u00e9 de la personne concern\u00e9e et ne sont pas recoup\u00e9es avec des donn\u00e9es personnelles relatives au porteur du pseudonyme. Le traitement est effectu\u00e9 sur la base de l&rsquo;article 6 (1) f) du RGPD pour l&rsquo;int\u00e9r\u00eat l\u00e9gitime de la communication directe avec les clients et de la conception du site web en fonction des besoins. Vous avez le droit de vous opposer \u00e0 tout moment, pour des raisons tenant \u00e0 votre situation particuli\u00e8re, \u00e0 ce traitement des donn\u00e9es \u00e0 caract\u00e8re personnel vous concernant, fond\u00e9 sur l&rsquo;article 6 (1) f du RGPD. Pour ce faire, vous pouvez d\u00e9sactiver un enregistrement sur tous les sites Web qui utilisent Mouseflow, globalement pour le navigateur que vous utilisez actuellement, en cliquant sur le lien suivant : https:\/\/mouseflow.de\/opt-out\/<\/p>\n\n\n\n<p>Si vous \u00eates int\u00e9ress\u00e9 par un traitement des donn\u00e9es de commande, vous pouvez le conclure directement avec nous en ligne via RightSignature : https:\/\/mouseflow.de\/gdpr\/<\/p>\n<\/div>\n\n\n\n<div class=\"wp-block-column is-layout-flow wp-block-column-is-layout-flow\">\n<h2 class=\"wp-block-heading h4\" id=\"h-utilisation-des-adresses-ip\">Utilisation des adresses IP<\/h2>\n\n\n\n<p>Votre adresse IP est d\u00e9tect\u00e9e mais pseudonymis\u00e9e imm\u00e9diatement (par exemple, en supprimant les 8 derniers bits). Par cons\u00e9quent, seule une localisation approximative est possible.<\/p>\n\n\n\n<div style=\"height:30px\" aria-hidden=\"true\" class=\"wp-block-spacer\"><\/div>\n\n\n\n<h2 class=\"wp-block-heading h4\" id=\"h-donnees-d-acces\">Donn\u00e9es d&rsquo;acc\u00e8s<\/h2>\n\n\n\n<p>Chaque fois qu&rsquo;un utilisateur acc\u00e8de \u00e0 notre site web et chaque fois qu&rsquo;il r\u00e9cup\u00e8re ou tente de r\u00e9cup\u00e9rer un fichier sur le serveur, les donn\u00e9es relatives \u00e0 ce processus sont enregistr\u00e9es dans un fichier journal. Nous ne savons pas imm\u00e9diatement quel utilisateur a acc\u00e9d\u00e9 \u00e0 quelles donn\u00e9es. Nous n&rsquo;essayons pas non plus de collecter ces informations. Cela ne serait possible que dans des cas l\u00e9galement r\u00e9glement\u00e9s et avec l&rsquo;aide de tiers (par exemple les fournisseurs de services Internet). Plus pr\u00e9cis\u00e9ment, les enregistrements suivants sont stock\u00e9s pour chaque demande:<\/p>\n\n\n\n<ul class=\"wp-block-list\">\n<li>Nom d&rsquo;h\u00f4te et adresse IP de l&rsquo;ordinateur acc\u00e9dant<\/li>\n\n\n\n<li>Heure de l&rsquo;interrogation du serveur<\/li>\n<\/ul>\n\n\n\n<p>En outre, nous traitons vos donn\u00e9es personnelles dans des cas particuliers, sur la base de nos int\u00e9r\u00eats l\u00e9gitimes ou de ceux de tiers l\u00e9gitimes, dans le cadre de poursuites ou d&rsquo;ordonnances d&rsquo;autorit\u00e9s ou de tribunaux l\u00e9galement autoris\u00e9s. Nous stockons les donn\u00e9es pour assurer la s\u00e9curit\u00e9 de notre page d&rsquo;accueil en fonction du service pendant 3 \u00e0 12 mois. Pour les objectifs mentionn\u00e9s ci-dessus, nous ferons collecter vos donn\u00e9es personnelles par notre fournisseur de site, internex GmbH, Lagerstra\u00dfe 15, 3950 Gm\u00fcnd, Autriche.<\/p>\n\n\n\n<div style=\"height:30px\" aria-hidden=\"true\" class=\"wp-block-spacer\"><\/div>\n\n\n\n<h2 class=\"wp-block-heading h4\" id=\"h-cryptage-ssl-ou-tls\">Cryptage SSL ou TLS<\/h2>\n\n\n\n<p>Ce site utilise, pour des raisons de s\u00e9curit\u00e9 et pour prot\u00e9ger la transmission de contenus confidentiels, tels que les commandes ou les demandes que vous nous envoyez en tant qu&rsquo;op\u00e9rateur du site, un cryptage SSL ou TLS. Une connexion crypt\u00e9e est indiqu\u00e9e par le passage de \u00ab\u00a0http : \/\/\u00a0\u00bb \u00e0 \u00ab\u00a0https : \/\/\u00a0\u00bb dans la barre d&rsquo;adresse du navigateur et par l&rsquo;ic\u00f4ne d&rsquo;un cadenas dans la barre de votre navigateur. Si le cryptage SSL ou TLS est activ\u00e9, les donn\u00e9es que vous nous transmettez ne peuvent pas \u00eatre lues par des tiers.<\/p>\n\n\n\n<div style=\"height:30px\" aria-hidden=\"true\" class=\"wp-block-spacer\"><\/div>\n\n\n\n<h2 class=\"wp-block-heading h4\" id=\"h-vos-droits\">Vos droits<\/h2>\n\n\n\n<p>Vous disposez de droits d&rsquo;information, de rectification, d&rsquo;effacement, de limitation, de portabilit\u00e9 des donn\u00e9es, de r\u00e9vocation et d&rsquo;opposition. Si vous estimez que le traitement de vos donn\u00e9es est contraire \u00e0 la l\u00e9gislation sur la protection des donn\u00e9es ou que vos droits en mati\u00e8re de protection des donn\u00e9es ont \u00e9t\u00e9 viol\u00e9s d&rsquo;une mani\u00e8re ou d&rsquo;une autre, vous pouvez d\u00e9poser une plainte aupr\u00e8s de l&rsquo;autorit\u00e9 de contr\u00f4le. En Autriche, il s&rsquo;agit de l&rsquo;autorit\u00e9 charg\u00e9e de la protection des donn\u00e9es.<\/p>\n<\/div>\n<\/div>\n<\/div><\/div>\n","protected":false},"excerpt":{"rendered":"<p>Protection des donn\u00e9es La protection de vos donn\u00e9es personnelles est tr\u00e8s importante pour nous. C&rsquo;est pourquoi nous traitons vos donn\u00e9es exclusivement sur la base&hellip;<\/p>\n","protected":false},"author":1,"featured_media":0,"parent":0,"menu_order":0,"comment_status":"closed","ping_status":"closed","template":"","meta":{"_acf_changed":false,"content-type":"","editor_notices":[],"footnotes":""},"class_list":["post-3","page","type-page","status-publish","hentry","entry"],"acf":[],"_links":{"self":[{"href":"https:\/\/hotelpartner.com\/fr\/wp-json\/wp\/v2\/pages\/3","targetHints":{"allow":["GET"]}}],"collection":[{"href":"https:\/\/hotelpartner.com\/fr\/wp-json\/wp\/v2\/pages"}],"about":[{"href":"https:\/\/hotelpartner.com\/fr\/wp-json\/wp\/v2\/types\/page"}],"author":[{"embeddable":true,"href":"https:\/\/hotelpartner.com\/fr\/wp-json\/wp\/v2\/users\/1"}],"replies":[{"embeddable":true,"href":"https:\/\/hotelpartner.com\/fr\/wp-json\/wp\/v2\/comments?post=3"}],"version-history":[{"count":8,"href":"https:\/\/hotelpartner.com\/fr\/wp-json\/wp\/v2\/pages\/3\/revisions"}],"predecessor-version":[{"id":8034,"href":"https:\/\/hotelpartner.com\/fr\/wp-json\/wp\/v2\/pages\/3\/revisions\/8034"}],"wp:attachment":[{"href":"https:\/\/hotelpartner.com\/fr\/wp-json\/wp\/v2\/media?parent=3"}],"curies":[{"name":"wp","href":"https:\/\/api.w.org\/{rel}","templated":true}]}}