{"id":2106,"date":"2022-03-07T16:12:14","date_gmt":"2022-03-07T15:12:14","guid":{"rendered":"https:\/\/hotelpartner-ym.com\/fr\/?page_id=2106"},"modified":"2023-12-18T13:47:06","modified_gmt":"2023-12-18T12:47:06","slug":"prendre-rendez-vous-evenements","status":"publish","type":"page","link":"https:\/\/hotelpartner.com\/fr\/prendre-rendez-vous-evenements\/","title":{"rendered":"Prendre rendez-vous durant un \u00e9v\u00e9nement"},"content":{"rendered":"\n<div class=\"wp-block-group\"><div class=\"wp-block-group__inner-container is-layout-flow wp-block-group-is-layout-flow\">\n<h1 class=\"wp-block-heading aos-fadeInLeft\" id=\"h-prendre-rendez-vous\">Prendre rendez-vous<\/h1>\n\n\n\n<p class=\"is-style-narrow-600 aos-fadeInLeft aos-delay-100\">Vous souhaitez nous fixer un rendez-vous lors d\u2019un \u00e9v\u00e9nement? Veuillez remplir le formulaire ci-dessous.<\/p>\n\n\n\n<div style=\"height:2em\" aria-hidden=\"true\" class=\"wp-block-spacer\"><\/div>\n\n\n\n<div class=\"wp-block-columns is-layout-flex wp-container-core-columns-is-layout-9d6595d7 wp-block-columns-is-layout-flex\">\n<div class=\"wp-block-column is-layout-flow wp-block-column-is-layout-flow\" style=\"flex-basis:66.66%\">\n<div class=\"wp-block-contact-form-7-contact-form-selector\">\n<div class=\"wpcf7 no-js\" id=\"wpcf7-f2108-o1\" lang=\"de-AT\" dir=\"ltr\" data-wpcf7-id=\"2108\">\n<div class=\"screen-reader-response\"><p role=\"status\" aria-live=\"polite\" aria-atomic=\"true\"><\/p> <ul><\/ul><\/div>\n<form action=\"\/fr\/wp-json\/wp\/v2\/pages\/2106#wpcf7-f2108-o1\" method=\"post\" class=\"wpcf7-form init\" aria-label=\"Contact form\" novalidate=\"novalidate\" data-status=\"init\">\n<fieldset class=\"hidden-fields-container\"><input type=\"hidden\" name=\"_wpcf7\" value=\"2108\" \/><input type=\"hidden\" name=\"_wpcf7_version\" value=\"6.1.5\" \/><input type=\"hidden\" name=\"_wpcf7_locale\" value=\"de_AT\" \/><input type=\"hidden\" name=\"_wpcf7_unit_tag\" value=\"wpcf7-f2108-o1\" \/><input type=\"hidden\" name=\"_wpcf7_container_post\" value=\"0\" \/><input type=\"hidden\" name=\"_wpcf7_posted_data_hash\" value=\"\" \/><input type=\"hidden\" name=\"_cf7a__timestamp\" value=\"Qn78Gzx3UYFE+c3r8hQcuA==\" \/><input type=\"hidden\" name=\"_cf7a_version\" value=\"1.0\" \/><input type=\"hidden\" name=\"_cf7a_address\" value=\"\" \/><input type=\"hidden\" name=\"_cf7a_referer\" value=\"\" \/><input type=\"hidden\" name=\"_cf7a_protocol\" value=\"\" \/><input type=\"hidden\" name=\"_wpcf7cf_hidden_group_fields\" value=\"[]\" \/><input type=\"hidden\" name=\"_wpcf7cf_hidden_groups\" value=\"[]\" \/><input type=\"hidden\" name=\"_wpcf7cf_visible_groups\" value=\"[]\" \/><input type=\"hidden\" name=\"_wpcf7cf_repeaters\" value=\"[]\" \/><input type=\"hidden\" name=\"_wpcf7cf_steps\" value=\"{}\" \/><input type=\"hidden\" name=\"_wpcf7cf_options\" value=\"{&quot;form_id&quot;:2108,&quot;conditions&quot;:[{&quot;then_field&quot;:&quot;-1&quot;,&quot;and_rules&quot;:[{&quot;if_field&quot;:&quot;-1&quot;,&quot;operator&quot;:&quot;equals&quot;,&quot;if_value&quot;:&quot;par T\\u00e9l\\u00e9phone&quot;}]}],&quot;settings&quot;:{&quot;animation&quot;:&quot;yes&quot;,&quot;animation_intime&quot;:200,&quot;animation_outtime&quot;:200,&quot;conditions_ui&quot;:&quot;normal&quot;,&quot;notice_dismissed&quot;:false}}\" \/><input type=\"hidden\" name=\"_cf7a_bot_fingerprint\" value=\"Qn78Gzx3UYFE+c3r8hQcuA==\" \/>\n<\/fieldset>\n<div class=\"container\">\n\t<div class=\"row\">\n\t\t<div class=\"col-12\">\n\t\t\t<p class=\"has-float-label\"><span class=\"wpcf7-form-control-wrap\" data-name=\"input-event\"><input size=\"40\" maxlength=\"400\" class=\"wpcf7-form-control wpcf7-text\" id=\"form-event\" aria-invalid=\"false\" placeholder=\"Ev\u00e9nement\" value=\"\" type=\"text\" name=\"input-event\" \/><input type=\"text\" name=\"name\" value=\"\" autocomplete=\"fill\" class=\"fit-the-fullspace\" aria-hidden=\"true\" tabindex=\"-1\" \/><\/span>\n\t\t\t<\/p>\n\t\t<\/div>\n\t<\/div>\n\t<div class=\"row\">\n\t\t<div class=\"col-6\">\n\t\t\t<p class=\"has-float-label\"><span class=\"wpcf7-form-control-wrap\" data-name=\"input-firstname\"><input size=\"40\" maxlength=\"400\" class=\"wpcf7-form-control wpcf7-text wpcf7-validates-as-required\" id=\"form-firstname\" aria-required=\"true\" aria-invalid=\"false\" placeholder=\"Pr\u00e9nom *\" value=\"\" type=\"text\" name=\"input-firstname\" \/><input type=\"text\" name=\"email\" value=\"\" autocomplete=\"fill\" class=\"fit-the-fullspace\" aria-hidden=\"true\" tabindex=\"-1\" \/><\/span>\n\t\t\t<\/p>\n\t\t<\/div>\n\t\t<div class=\"col-6\">\n\t\t\t<p class=\"has-float-label\"><span class=\"wpcf7-form-control-wrap\" data-name=\"input-lastname\"><input size=\"40\" maxlength=\"400\" class=\"wpcf7-form-control wpcf7-text wpcf7-validates-as-required\" id=\"form-lastname\" aria-required=\"true\" aria-invalid=\"false\" placeholder=\"Nom *\" value=\"\" type=\"text\" name=\"input-lastname\" \/><input type=\"text\" name=\"address\" value=\"\" autocomplete=\"fill\" class=\"fit-the-fullspace\" aria-hidden=\"true\" tabindex=\"-1\" \/><\/span>\n\t\t\t<\/p>\n\t\t<\/div>\n\t<\/div>\n\t<div class=\"row\">\n\t\t<div class=\"col-6\">\n\t\t\t<p class=\"has-float-label\"><span class=\"wpcf7-form-control-wrap\" data-name=\"input-email\"><input size=\"40\" maxlength=\"400\" class=\"wpcf7-form-control wpcf7-email wpcf7-validates-as-required wpcf7-text wpcf7-validates-as-email\" id=\"form-email\" aria-required=\"true\" aria-invalid=\"false\" placeholder=\"Adresse e-mail *\" value=\"\" type=\"email\" name=\"input-email\" \/><\/span>\n\t\t\t<\/p>\n\t\t<\/div>\n\t\t<div class=\"col-6\">\n\t\t\t<p class=\"has-float-label\"><span class=\"wpcf7-form-control-wrap\" data-name=\"input-phone\"><input size=\"40\" maxlength=\"400\" class=\"wpcf7-form-control wpcf7-tel wpcf7-validates-as-required wpcf7-text wpcf7-validates-as-tel\" id=\"form-phone\" aria-required=\"true\" aria-invalid=\"false\" placeholder=\"Num\u00e9ro de t\u00e9l\u00e9phone *\" value=\"\" type=\"tel\" name=\"input-phone\" \/><\/span>\n\t\t\t<\/p>\n\t\t<\/div>\n\t<\/div>\n\t<div class=\"row mb-1\">\n\t\t<div class=\"col-12\">\n\t\t\t<p class=\"has-float-label\"><span class=\"wpcf7-form-control-wrap\" data-name=\"input-hotel-company\"><input size=\"40\" maxlength=\"400\" class=\"wpcf7-form-control wpcf7-text wpcf7-validates-as-required\" id=\"form-hotel-company\" aria-required=\"true\" aria-invalid=\"false\" placeholder=\"H\u00f4tel *\" value=\"\" type=\"text\" name=\"input-hotel-company\" \/><input type=\"text\" name=\"phone\" value=\"\" autocomplete=\"fill\" class=\"fit-the-fullspace\" aria-hidden=\"true\" tabindex=\"-1\" \/><\/span>\n\t\t\t<\/p>\n\t\t<\/div>\n\t<\/div>\n\t<div class=\"row mb-1\">\n\t\t<div class=\"col-12\">\n\t\t\t<p class=\"bold\">S\u2018il vous plait, veuillez nous communiquer la date et l\u2019heure de votre choix (jour et heure).\n\t\t\t<\/p>\n\t\t\t<p class=\"has-float-label\"><span class=\"wpcf7-form-control-wrap\" data-name=\"input-message\"><textarea cols=\"40\" rows=\"10\" maxlength=\"2000\" class=\"wpcf7-form-control wpcf7-textarea wpcf7-validates-as-required\" id=\"form-message\" aria-required=\"true\" aria-invalid=\"false\" placeholder=\"Votre message *\" name=\"input-message\"><\/textarea><\/span>\n\t\t\t<\/p>\n\t\t<\/div>\n\t<\/div>\n\t<div class=\"row\">\n\t\t<div class=\"col-12\">\n\t\t\t<p class=\"is-checkbox\"><span class=\"wpcf7-form-control-wrap\" data-name=\"acceptance-privacy-policy\"><span class=\"wpcf7-form-control wpcf7-acceptance\"><span class=\"wpcf7-list-item\"><label><input type=\"checkbox\" name=\"acceptance-privacy-policy\" value=\"1\" aria-invalid=\"false\" \/><span class=\"wpcf7-list-item-label\">J\u2019ai lu la <a href=\"https:\/\/hotelpartner.com\/fr\/privacy-policy\/\" target=\"_blank\">politique de confidentialit\u00e9<\/a>. J\u2019accepte que mes coordonn\u00e9es soient enregistr\u00e9es pour un traitement ult\u00e9rieur.<\/span><\/label><\/span><\/span><\/span>\n\t\t\t<\/p>\n\t\t\t<p><input class=\"wpcf7-form-control wpcf7-submit has-spinner\" type=\"submit\" value=\"Envoyer\" \/>\n\t\t\t<\/p>\n\t\t<\/div>\n\t<\/div>\n<\/div><div class=\"wpcf7-response-output\" aria-hidden=\"true\"><\/div>\n<\/form>\n<\/div>\n<\/div>\n<\/div>\n\n\n\n<div class=\"wp-block-column is-layout-flow wp-block-column-is-layout-flow\" style=\"flex-basis:33.33%\">\n<div id=\"block_3623b967432f793ce4bb1fef833fa53b\" class=\"wx-block-card card is-style-outline\">\n    <div class=\"acf-innerblocks-container\">\n\n<h3 class=\"wp-block-heading h4\" id=\"h-information-contact-generale\">Information contact G\u00e9n\u00e9rale<\/h3>\n\n\n\n<p>Merci de remplir le formulaire et nous vous r\u00e9pondrons d\u00e8s que possible. Ou contactez-nous via les options suivantes:<\/p>\n\n\n\n<p><a href=\"mailto:bd@hotelpartner.com\">bd@hotelpartner.com<\/a><\/p>\n\n<\/div>\n<\/div><\/div>\n<\/div>\n<\/div><\/div>\n","protected":false},"excerpt":{"rendered":"<p>Prendre rendez-vous Vous souhaitez nous fixer un rendez-vous lors d\u2019un \u00e9v\u00e9nement? Veuillez remplir le formulaire ci-dessous.<\/p>\n","protected":false},"author":1,"featured_media":0,"parent":0,"menu_order":0,"comment_status":"closed","ping_status":"closed","template":"","meta":{"_acf_changed":false,"content-type":"","editor_notices":[],"footnotes":""},"class_list":["post-2106","page","type-page","status-publish","hentry","entry"],"acf":[],"_links":{"self":[{"href":"https:\/\/hotelpartner.com\/fr\/wp-json\/wp\/v2\/pages\/2106","targetHints":{"allow":["GET"]}}],"collection":[{"href":"https:\/\/hotelpartner.com\/fr\/wp-json\/wp\/v2\/pages"}],"about":[{"href":"https:\/\/hotelpartner.com\/fr\/wp-json\/wp\/v2\/types\/page"}],"author":[{"embeddable":true,"href":"https:\/\/hotelpartner.com\/fr\/wp-json\/wp\/v2\/users\/1"}],"replies":[{"embeddable":true,"href":"https:\/\/hotelpartner.com\/fr\/wp-json\/wp\/v2\/comments?post=2106"}],"version-history":[{"count":9,"href":"https:\/\/hotelpartner.com\/fr\/wp-json\/wp\/v2\/pages\/2106\/revisions"}],"predecessor-version":[{"id":9890,"href":"https:\/\/hotelpartner.com\/fr\/wp-json\/wp\/v2\/pages\/2106\/revisions\/9890"}],"wp:attachment":[{"href":"https:\/\/hotelpartner.com\/fr\/wp-json\/wp\/v2\/media?parent=2106"}],"curies":[{"name":"wp","href":"https:\/\/api.w.org\/{rel}","templated":true}]}}