{"id":12929,"date":"2026-03-06T11:51:18","date_gmt":"2026-03-06T10:51:18","guid":{"rendered":"https:\/\/hotelpartner.com\/fr\/?page_id=12929"},"modified":"2026-03-06T11:51:18","modified_gmt":"2026-03-06T10:51:18","slug":"carriere","status":"publish","type":"page","link":"https:\/\/hotelpartner.com\/fr\/carriere\/","title":{"rendered":"Carri\u00e8re"},"content":{"rendered":"\n<div class=\"wp-block-group alignfull two-col-hero has-white-background-color has-background\"><div class=\"wp-block-group__inner-container is-layout-constrained wp-block-group-is-layout-constrained\">\n<div class=\"wp-block-columns are-vertically-aligned-center is-layout-flex wp-container-core-columns-is-layout-9d6595d7 wp-block-columns-is-layout-flex\">\n<div class=\"wp-block-column is-vertically-aligned-center is-layout-flow wp-block-column-is-layout-flow\">\n<h1 class=\"wp-block-heading aos-fadeInUp\" id=\"h-rejoins-l-equipe-hotelpartner\">Rejoins l\u2019\u00e9quipe HotelPartner<\/h1>\n\n\n\n<p class=\"aos-fadeInUp aos-delay-100\">Nos yeux sont toujours ouverts aux nouveaux talents : des personnes qui souhaitent rejoindre notre \u00e9quipe et partager notre vision de faire avancer l\u2019h\u00f4tellerie. Chez nous, il n\u2019y a pas de place pour l\u2019immobilisme. Nos bureaux se trouvent en Allemagne, en Autriche et en Suisse. Pr\u00eat \u00e0 d\u00e9marrer avec nous ? Construisons ensemble l\u2019avenir.<\/p>\n\n\n\n<div class=\"wp-block-buttons aos-fadeInUp aos-delay-200 is-layout-flex wp-block-buttons-is-layout-flex\">\n<div class=\"wp-block-button\"><a class=\"wp-block-button__link wp-element-button\" href=\"#h-aktuell-offene-positionen\">Voir toutes les offres d\u2019emploi<\/a><\/div>\n<\/div>\n<\/div>\n\n\n\n<div class=\"wp-block-column is-vertically-aligned-center mb-0 is-layout-flow wp-block-column-is-layout-flow\">\n<div class=\"wp-block-cover\"><img decoding=\"async\" class=\"wp-block-cover__image-background wp-image-26793 size-large\" alt=\"\" src=\"https:\/\/hotelpartner.com\/de\/wp-content\/uploads\/sites\/2\/2026\/01\/Hotel-Partner-116-1024x683.jpg\" data-object-fit=\"cover\" \/><span aria-hidden=\"true\" class=\"wp-block-cover__background has-background-dim-0 has-background-dim\" style=\"background-color:#bbb6b4\"><\/span><div class=\"wp-block-cover__inner-container is-layout-flow wp-block-cover-is-layout-flow\">\n<p class=\"has-text-align-center has-large-font-size\"><\/p>\n<\/div><\/div>\n<\/div>\n<\/div>\n<\/div><\/div>\n\n\n\n<div class=\"wp-block-group is-style-less-spacing-bottom\"><div class=\"wp-block-group__inner-container is-layout-constrained wp-block-group-is-layout-constrained\">\n    <div id=\"wx-countup-block_bfa6f5cb75ff4b1e3b404ff186865a0d\" class=\"wp-block-wx-countup\">\n\n            <div class=\"wx-countup\">\n\n                    <div class=\"fact-item card\">\n                <div class=\"number-wrapper\">\n                                                    <span class=\"fact-item__number\" data-countup=\"7\">0<\/span>\n                                                <\/div>\n\n                <p class=\"fact-item__subtext\">Sites<\/p>\n\n                <p class=\"fact-item__title\">dans toute l\u2019Europe<\/p>\n            <\/div>  \n                    <div class=\"fact-item card\">\n                <div class=\"number-wrapper\">\n                                                    <span class=\"fact-item__number\" data-countup=\"70\">0<\/span>\n                                                    <span class=\"fact-item__number-post-text\">+<\/span>\n                                <\/div>\n\n                <p class=\"fact-item__subtext\">Membres de l\u2019\u00e9quipe<\/p>\n\n                <p class=\"fact-item__title\">qui travaillent ensemble chaque jour<\/p>\n            <\/div>  \n                    <div class=\"fact-item card\">\n                <div class=\"number-wrapper\">\n                                                    <span class=\"fact-item__number\" data-countup=\"7\">0<\/span>\n                                                <\/div>\n\n                <p class=\"fact-item__subtext\">Anciennet\u00e9 moyenne<\/p>\n\n                <p class=\"fact-item__title\">au sein de l\u2019entreprise<\/p>\n            <\/div>  \n                    <div class=\"fact-item card\">\n                <div class=\"number-wrapper\">\n                                                    <span class=\"fact-item__number\" data-countup=\"17\">0<\/span>\n                                                <\/div>\n\n                <p class=\"fact-item__subtext\">Nationalit\u00e9es<\/p>\n\n                <p class=\"fact-item__title\">font la force de notre \u00e9quipe<\/p>\n            <\/div>  \n           \n\n        <\/div>\n    \n    <\/div>\n\n<\/div><\/div>\n\n\n\n<div class=\"wp-block-group alignfull has-beige-background-color has-background\"><div class=\"wp-block-group__inner-container is-layout-flow wp-block-group-is-layout-flow\">\n<h2 class=\"wp-block-heading has-text-align-center\" id=\"h-ta-carriere-chez-hotelpartner\">Ta carri\u00e8re chez HotelPartner<\/h2>\n\n\n\n<div class=\"wp-block-columns is-layout-flex wp-container-core-columns-is-layout-9d6595d7 wp-block-columns-is-layout-flex\">\n<div class=\"wp-block-column is-layout-flow wp-block-column-is-layout-flow\">\n    <div id=\"block_2d2e4ca87210a3707056a8dd0a091cd1\" class=\"wx-testimonials is-style-variant-1 has-text-align-left\">\n\n        \n        \n            <div class=\"testimonial-item\">\n                            <div class=\"testimonial-item__author\">\n                    <img loading=\"lazy\" decoding=\"async\" width=\"150\" height=\"150\" src=\"https:\/\/hotelpartner.com\/fr\/wp-content\/uploads\/sites\/3\/2023\/09\/0006-WE-ART-STUDIO-scaled-e1695994983530-150x150.jpg\" class=\"corner-bubble-shape wp-post-image\" alt=\"\" \/>                <\/div>\n                \n                <div class=\"testimonial-item__main \">\n                                    <div class=\"testimonial-content\">\n                        \n<blockquote class=\"wp-block-quote has-text-align-left is-layout-flow wp-block-quote-is-layout-flow\">\n<p>Fort de vingt ann\u00e9es pass\u00e9es au c\u0153ur de l\u2019h\u00f4tellerie, je mesure bien les petits tracas et les grandes inqui\u00e9tudes des h\u00f4teliers \u2013 les p\u00e9riodes d\u2019incertitude, les strat\u00e9gies qui ne donnent pas les r\u00e9sultats escompt\u00e9s et les opportunit\u00e9s de croissance qui passent inaper\u00e7ues. Notre engagement, c&rsquo;est de mettre \u00e0 profit ce que nous avons appris sur le terrain pour aider votre h\u00f4tel \u00e0 mieux g\u00e9rer ses revenus. Ensemble, nous aborderons ces probl\u00e9matiques, et travaillerons pas \u00e0 pas pour amener votre h\u00f4tel \u00e0 atteindre ses objectifs.<\/p>\n<cite><strong>Marjolaine Leveque<\/strong> Business Developer France<\/cite><\/blockquote>\n                    <\/div>\n                <\/div>\n            <\/div>\n        \n            <\/div>\n\n<\/div>\n\n\n\n<div class=\"wp-block-column is-layout-flow wp-block-column-is-layout-flow\">\n<figure class=\"wp-block-image size-full\"><img decoding=\"async\" src=\"https:\/\/hotelpartner.com\/de\/wp-content\/uploads\/sites\/2\/2023\/06\/hotelpartner-team-7-comp.jpg\" alt=\"\" class=\"wp-image-8221\" \/><\/figure>\n<\/div>\n<\/div>\n\n\n\n<div class=\"wp-block-buttons is-content-justification-center is-layout-flex wp-container-core-buttons-is-layout-16018d1d wp-block-buttons-is-layout-flex\">\n<div class=\"wp-block-button\"><a class=\"wp-block-button__link wp-element-button\" href=\"#h-aktuell-offene-positionen\">Voir toutes les offres d\u2019emploi<\/a><\/div>\n<\/div>\n<\/div><\/div>\n\n\n\n<div class=\"wp-block-group alignfull has-white-background-color has-background\"><div class=\"wp-block-group__inner-container is-layout-flow wp-block-group-is-layout-flow\">\n<h2 class=\"wp-block-heading has-text-align-center\" id=\"h-perspectives-d-avenir\">Perspectives d\u2019avenir<\/h2>\n\n\n\n<p class=\"has-text-align-center\">Nous sommes les experts de r\u00e9f\u00e9rence pour les h\u00f4tels dans toute l\u2019Europe lorsqu\u2019il s\u2019agit de revenue management et de distribution, et ce depuis 2006. Nous y sommes parvenus gr\u00e2ce \u00e0 la synergie unique TET : des \u00e9quipes qualifi\u00e9es, une expertise \u00e9prouv\u00e9e et des technologies de pointe. Es-tu pr\u00eat \u00e0 d\u00e9velopper ton savoir-faire et \u00e0 passer \u00e0 la vitesse sup\u00e9rieure ?<\/p>\n\n\n\n<p class=\"has-text-align-center\">Alors HotelPartner est l\u2019endroit id\u00e9al pour toi !<\/p>\n\n\n\n<div class=\"wp-block-buttons is-content-justification-center is-layout-flex wp-container-core-buttons-is-layout-16018d1d wp-block-buttons-is-layout-flex\">\n<div class=\"wp-block-button\"><a class=\"wp-block-button__link wp-element-button\" href=\"#h-aktuell-offene-positionen\">Voir toutes les offres d\u2019emploi<\/a><\/div>\n<\/div>\n<\/div><\/div>\n\n\n\n<div class=\"wp-block-group alignfull has-beige-background-color has-background\"><div class=\"wp-block-group__inner-container is-layout-flow wp-block-group-is-layout-flow\">\n<h2 class=\"wp-block-heading has-text-align-center\" id=\"h-des-bureaux-au-coeur-de-l-europe\">Des bureaux au c\u0153ur de l\u2019Europe<\/h2>\n\n\n\n<div class=\"wp-block-columns is-layout-flex wp-container-core-columns-is-layout-9d6595d7 wp-block-columns-is-layout-flex\">\n<div class=\"wp-block-column is-layout-flow wp-block-column-is-layout-flow\">\n<div id=\"block_c04634f61b5becf25894edb2af352e11\" class=\"wx-block-card card\">\n    <div class=\"acf-innerblocks-container\">\n<div class=\"wp-block-image\">\n<figure class=\"aligncenter size-full\"><img decoding=\"async\" src=\"https:\/\/hotelpartner-ym.com\/de\/wp-content\/uploads\/sites\/2\/2023\/09\/Hamburg.png\" alt=\"\" class=\"wp-image-9195\" \/><\/figure>\n<\/div>\n\n\n<h3 class=\"wp-block-heading has-text-align-center\" id=\"h-hambourg\">Hambourg<\/h3>\n\n\n\n<h4 class=\"wp-block-heading has-text-align-center has-blue-color has-text-color\" id=\"h-operations\">Op\u00e9rations<\/h4>\n\n<\/div>\n<\/div><\/div>\n\n\n\n<div class=\"wp-block-column is-layout-flow wp-block-column-is-layout-flow\">\n<div id=\"block_f0dfb41b9d219f2c61fa53573b0f54ad\" class=\"wx-block-card card\">\n    <div class=\"acf-innerblocks-container\">\n<div class=\"wp-block-image\">\n<figure class=\"aligncenter size-full\"><img decoding=\"async\" src=\"https:\/\/hotelpartner-ym.com\/de\/wp-content\/uploads\/sites\/2\/2023\/09\/Salzburg.png\" alt=\"\" class=\"wp-image-9193\" \/><\/figure>\n<\/div>\n\n\n<h3 class=\"wp-block-heading has-text-align-center\" id=\"h-salzbourg\">Salzbourg<\/h3>\n\n\n\n<h4 class=\"wp-block-heading has-text-align-center has-blue-color has-text-color\" id=\"h-operations-0\">Op\u00e9rations<\/h4>\n\n<\/div>\n<\/div><\/div>\n\n\n\n<div class=\"wp-block-column is-layout-flow wp-block-column-is-layout-flow\">\n<div id=\"block_f0dfb41b9d219f2c61fa53573b0f54ad\" class=\"wx-block-card card\">\n    <div class=\"acf-innerblocks-container\">\n<div class=\"wp-block-image\">\n<figure class=\"aligncenter size-full\"><img decoding=\"async\" src=\"https:\/\/hotelpartner-ym.com\/de\/wp-content\/uploads\/sites\/2\/2023\/09\/Wien.png\" alt=\"\" class=\"wp-image-9190\" \/><\/figure>\n<\/div>\n\n\n<h3 class=\"wp-block-heading has-text-align-center\" id=\"h-vienne\">Vienne<\/h3>\n\n\n\n<h4 class=\"wp-block-heading has-text-align-center has-blue-color has-text-color\" id=\"h-operations-amp-commercial\">Op\u00e9rations &amp; Commercial<\/h4>\n\n<\/div>\n<\/div><\/div>\n<\/div>\n\n\n\n<div class=\"wp-block-columns is-layout-flex wp-container-core-columns-is-layout-9d6595d7 wp-block-columns-is-layout-flex\">\n<div class=\"wp-block-column is-layout-flow wp-block-column-is-layout-flow\">\n<div id=\"block_f0dfb41b9d219f2c61fa53573b0f54ad\" class=\"wx-block-card card\">\n    <div class=\"acf-innerblocks-container\">\n<div class=\"wp-block-image\">\n<figure class=\"aligncenter size-full\"><img decoding=\"async\" src=\"https:\/\/hotelpartner-ym.com\/de\/wp-content\/uploads\/sites\/2\/2023\/09\/Bern.png\" alt=\"\" class=\"wp-image-9196\" \/><\/figure>\n<\/div>\n\n\n<h3 class=\"wp-block-heading has-text-align-center\" id=\"h-berne\">Berne<\/h3>\n\n\n\n<h4 class=\"wp-block-heading has-text-align-center has-blue-color has-text-color\" id=\"h-it-engineering\">IT-Engineering<\/h4>\n\n<\/div>\n<\/div><\/div>\n\n\n\n<div class=\"wp-block-column is-layout-flow wp-block-column-is-layout-flow\">\n<div id=\"block_c04634f61b5becf25894edb2af352e11\" class=\"wx-block-card card\">\n    <div class=\"acf-innerblocks-container\">\n<div class=\"wp-block-image\">\n<figure class=\"aligncenter size-full\"><img decoding=\"async\" src=\"https:\/\/hotelpartner-ym.com\/de\/wp-content\/uploads\/sites\/2\/2023\/09\/Schindellegi.png\" alt=\"\" class=\"wp-image-9192\" \/><\/figure>\n<\/div>\n\n\n<h3 class=\"wp-block-heading has-text-align-center\" id=\"h-schindellegi\">Schindellegi<\/h3>\n\n\n\n<h4 class=\"wp-block-heading has-text-align-center has-blue-color has-text-color\" id=\"h-direction-generale\">Direction g\u00e9n\u00e9rale<\/h4>\n\n<\/div>\n<\/div><\/div>\n\n\n\n<div class=\"wp-block-column is-layout-flow wp-block-column-is-layout-flow\">\n<div id=\"block_c04634f61b5becf25894edb2af352e11\" class=\"wx-block-card card\">\n    <div class=\"acf-innerblocks-container\">\n<div class=\"wp-block-image\">\n<figure class=\"aligncenter size-full\"><img decoding=\"async\" src=\"https:\/\/hotelpartner-ym.com\/de\/wp-content\/uploads\/sites\/2\/2023\/09\/Lusanne.png\" alt=\"\" class=\"wp-image-9200\" \/><\/figure>\n<\/div>\n\n\n<h3 class=\"wp-block-heading has-text-align-center\" id=\"h-lausanne\">Lausanne<\/h3>\n\n\n\n<h4 class=\"wp-block-heading has-text-align-center has-blue-color has-text-color\" id=\"h-operations-1\">Op\u00e9rations<\/h4>\n\n<\/div>\n<\/div><\/div>\n\n\n\n<div class=\"wp-block-column is-layout-flow wp-block-column-is-layout-flow\">\n<div id=\"block_c04634f61b5becf25894edb2af352e11\" class=\"wx-block-card card\">\n    <div class=\"acf-innerblocks-container\">\n<div class=\"wp-block-image\">\n<figure class=\"aligncenter size-full\"><img decoding=\"async\" src=\"https:\/\/hotelpartner-ym.com\/de\/wp-content\/uploads\/sites\/2\/2023\/09\/UK.png\" alt=\"\" class=\"wp-image-9191\" \/><\/figure>\n<\/div>\n\n\n<h3 class=\"wp-block-heading has-text-align-center\" id=\"h-londres\">Londres<\/h3>\n\n\n\n<h4 class=\"wp-block-heading has-text-align-center has-blue-color has-text-color\" id=\"h-commercial\">Commercial<\/h4>\n\n<\/div>\n<\/div><\/div>\n<\/div>\n\n\n\n<div class=\"wp-block-buttons is-content-justification-center is-layout-flex wp-container-core-buttons-is-layout-16018d1d wp-block-buttons-is-layout-flex\">\n<div class=\"wp-block-button\"><a class=\"wp-block-button__link wp-element-button\" href=\"#h-aktuell-offene-positionen\">Voir toutes les offres d\u2019emploi<\/a><\/div>\n<\/div>\n<\/div><\/div>\n\n\n\n<div class=\"wp-block-group alignfull has-light-grey-background-color has-background\" id=\"jobs\"><div class=\"wp-block-group__inner-container is-layout-flow wp-block-group-is-layout-flow\">\n<h2 class=\"wp-block-heading has-text-align-center\" id=\"h-postes-actuellement-ouverts\">Postes actuellement ouverts :<\/h2>\n\n\n\n<div class=\"wp-block-columns is-layout-flex wp-container-core-columns-is-layout-9d6595d7 wp-block-columns-is-layout-flex\">\n<div class=\"wp-block-column is-layout-flow wp-block-column-is-layout-flow\">\n<div class=\"wp-block-group is-content-justification-center is-nowrap is-layout-flex wp-container-core-group-is-layout-94bc23d7 wp-block-group-is-layout-flex\">\n<div id=\"block_f0dfb41b9d219f2c61fa53573b0f54ad\" class=\"wx-block-card card\">\n    <div class=\"acf-innerblocks-container\">\n\n<p class=\"has-text-align-center\"><a href=\"https:\/\/hotelpartner.com\/de\/karriere\/fr-channel-content-manager-gn\/\" id=\"https:\/\/hotelpartner.com\/de\/karriere\/fr-channel-content-manager-gn\/\"><strong>Channel\/Content Manager (gn)<\/strong><\/a><\/p>\n\n<\/div>\n<\/div><\/div>\n<\/div>\n<\/div>\n\n\n\n<div class=\"wp-block-columns is-layout-flex wp-container-core-columns-is-layout-9d6595d7 wp-block-columns-is-layout-flex\">\n<div class=\"wp-block-column is-layout-flow wp-block-column-is-layout-flow\"><\/div>\n<\/div>\n<\/div><\/div>\n\n\n\n<div class=\"wp-block-group\"><div class=\"wp-block-group__inner-container is-layout-constrained wp-block-group-is-layout-constrained\">\n<div class=\"wp-block-columns is-layout-flex wp-container-core-columns-is-layout-9d6595d7 wp-block-columns-is-layout-flex\">\n<div class=\"wp-block-column is-layout-flow wp-block-column-is-layout-flow\">\n<h2 class=\"wp-block-heading\" id=\"h-rien-ne-correspond-a-votre-recherche-envoyez-nous-votre-candidature-spontanee\">Rien ne correspond \u00e0 votre recherche ?<br>Envoyez-nous votre candidature spontan\u00e9e !<\/h2>\n\n\n\n<p>Vous ne trouvez pas d\u2019offre d\u2019emploi qui vous correspond ou vous h\u00e9sitez sur le poste qui pourrait vous convenir ? Envoyez-nous simplement une candidature spontan\u00e9e. Gr\u00e2ce \u00e0 notre croissance rapide, nous sommes toujours \u00e0 la recherche de nouveaux talents dans diff\u00e9rents domaines et serions ravis de faire votre connaissance.<\/p>\n\n\n\n<div class=\"wp-block-buttons is-layout-flex wp-block-buttons-is-layout-flex\">\n<div class=\"wp-block-button\"><a class=\"wp-block-button__link has-blue-background-color has-background wp-element-button\" href=\"https:\/\/hotelpartner.com\/de\/karriere\/initiativbewerbung\/\">Postuler maintenant<\/a><\/div>\n<\/div>\n<\/div>\n\n\n\n<div class=\"wp-block-column is-layout-flow wp-block-column-is-layout-flow\">\n    <div id=\"block_c2a1dc3feb36d25145d8d12ac583da3a\" class=\"wx-testimonials has-text-align-left\">\n\n        \n        \n            <\/div>\n\n<\/div>\n<\/div>\n<\/div><\/div>\n","protected":false},"excerpt":{"rendered":"<p>Rejoins l\u2019\u00e9quipe HotelPartner Nos yeux sont toujours ouverts aux nouveaux talents : des personnes qui souhaitent rejoindre notre \u00e9quipe et partager notre vision de&hellip;<\/p>\n","protected":false},"author":1,"featured_media":0,"parent":0,"menu_order":0,"comment_status":"closed","ping_status":"closed","template":"","meta":{"_acf_changed":false,"content-type":"","editor_notices":[],"footnotes":""},"class_list":["post-12929","page","type-page","status-publish","hentry","entry"],"acf":[],"_links":{"self":[{"href":"https:\/\/hotelpartner.com\/fr\/wp-json\/wp\/v2\/pages\/12929","targetHints":{"allow":["GET"]}}],"collection":[{"href":"https:\/\/hotelpartner.com\/fr\/wp-json\/wp\/v2\/pages"}],"about":[{"href":"https:\/\/hotelpartner.com\/fr\/wp-json\/wp\/v2\/types\/page"}],"author":[{"embeddable":true,"href":"https:\/\/hotelpartner.com\/fr\/wp-json\/wp\/v2\/users\/1"}],"replies":[{"embeddable":true,"href":"https:\/\/hotelpartner.com\/fr\/wp-json\/wp\/v2\/comments?post=12929"}],"version-history":[{"count":5,"href":"https:\/\/hotelpartner.com\/fr\/wp-json\/wp\/v2\/pages\/12929\/revisions"}],"predecessor-version":[{"id":12966,"href":"https:\/\/hotelpartner.com\/fr\/wp-json\/wp\/v2\/pages\/12929\/revisions\/12966"}],"wp:attachment":[{"href":"https:\/\/hotelpartner.com\/fr\/wp-json\/wp\/v2\/media?parent=12929"}],"curies":[{"name":"wp","href":"https:\/\/api.w.org\/{rel}","templated":true}]}}