{"id":12445,"date":"2025-05-19T09:13:23","date_gmt":"2025-05-19T07:13:23","guid":{"rendered":"https:\/\/hotelpartner.com\/fr\/?page_id=12445"},"modified":"2025-05-19T11:25:52","modified_gmt":"2025-05-19T09:25:52","slug":"b-e-quick","status":"publish","type":"page","link":"https:\/\/hotelpartner.com\/fr\/b-e-quick\/","title":{"rendered":"B.E. Quick"},"content":{"rendered":"\n<div class=\"wp-block-group alignfull has-dark-blue-background-color has-background\"><div class=\"wp-block-group__inner-container is-layout-constrained wp-block-group-is-layout-constrained\">\n<div class=\"wp-block-columns are-vertically-aligned-center mb-0 is-layout-flex wp-container-core-columns-is-layout-9d6595d7 wp-block-columns-is-layout-flex\">\n<div class=\"wp-block-column is-vertically-aligned-center is-layout-flow wp-block-column-is-layout-flow\" style=\"flex-basis:50%\">\n<h1 class=\"wp-block-heading has-white-color has-text-color\" id=\"h-b-e-quick-votre-moteur-de-reservation\">B.E. Quick \u2013<br>Votre moteur de r\u00e9servation<\/h1>\n\n\n\n<p class=\"has-white-color has-text-color has-link-color has-x-large-font-size wp-elements-82bc61346bfcd0d4f6903c912b212208\"><strong><strong>pour plus de ventes directes et un meilleur taux de conversion<\/strong><\/strong><\/p>\n\n\n\n<p class=\"has-white-color has-text-color has-medium-font-size\"><strong>Maximisez vos r\u00e9servations directes gr\u00e2ce \u00e0 une technologie intelligente et une exp\u00e9rience utilisateur fluide.<\/strong><\/p>\n\n\n\n<ul class=\"wp-block-list is-style-bullet-points-variant-1 has-white-color has-text-color has-link-color wp-elements-dc566782487ef0e90646d33655a322fe\">\n<li class=\"full-width\">Pages d\u2019atterrissage automatis\u00e9es pour un marketing cibl\u00e9 et des promotions efficaces<\/li>\n\n\n\n<li class=\"full-width\">Tri intelligent : chaque r\u00e9servation parfaitement adapt\u00e9e aux pr\u00e9f\u00e9rences des clients<\/li>\n\n\n\n<li class=\"full-width\">Gestion multi-\u00e9tablissements pour un contr\u00f4le fluide de plusieurs h\u00f4tels<\/li>\n\n\n\n<li>Int\u00e9gration des avis Google pour renforcer la confiance et am\u00e9liorer les conversions<\/li>\n\n\n\n<li>Optimis\u00e9 pour mobile \u2013 rapide, intuitif et ax\u00e9 sur la conversion<\/li>\n<\/ul>\n\n\n\n<div class=\"wp-block-buttons has-custom-font-size mb-0 has-large-font-size is-layout-flex wp-block-buttons-is-layout-flex\">\n<div class=\"wp-block-button has-custom-font-size is-style-fill--with-arrow has-medium-font-size\"><a class=\"wp-block-button__link wp-element-button\" href=\"https:\/\/hotelpartner.com\/fr\/contact\/\" target=\"_blank\" rel=\"noreferrer noopener\">Demander B.E. Quick d\u00e8s maintenant<\/a><\/div>\n<\/div>\n<\/div>\n\n\n\n<div class=\"wp-block-column is-vertically-aligned-center is-layout-flow wp-block-column-is-layout-flow\" style=\"flex-basis:50%\">\n<figure class=\"wp-block-image size-full\"><img decoding=\"async\" src=\"https:\/\/hotelpartner.com\/wp-content\/uploads\/2025\/05\/hotelpartner-new-booking-engine.png\" alt=\"\" class=\"wp-image-48556\" \/><\/figure>\n<\/div>\n<\/div>\n<\/div><\/div>\n\n\n\n<div class=\"wp-block-group\"><div class=\"wp-block-group__inner-container is-layout-constrained wp-block-group-is-layout-constrained\">\n<h2 class=\"wp-block-heading has-text-align-center\" id=\"h-experiences-de-reservation-personnalisees-choisissez-la-mise-en-page-ideale\">Exp\u00e9riences de r\u00e9servation personnalis\u00e9es \u2013 Choisissez la mise en page id\u00e9ale<\/h2>\n\n\n\n<p class=\"has-text-align-center has-large-font-size\">Flexible, en harmonie avec votre marque et optimis\u00e9e pour la conversion !<\/p>\n\n\n\n<div style=\"height:var(--wp--preset--spacing--50)\" aria-hidden=\"true\" class=\"wp-block-spacer\"><\/div>\n\n\n\n<div class=\"wp-block-columns is-layout-flex wp-container-core-columns-is-layout-9d6595d7 wp-block-columns-is-layout-flex\">\n<div class=\"wp-block-column is-layout-flow wp-block-column-is-layout-flow\">\n<div id=\"block_27993571132f2f3678e8f4d71f615a4e\" class=\"wx-block-card card is-style-outline has-background has-white-background-color is-full-height\">\n    <div class=\"acf-innerblocks-container\">\n\n<figure class=\"wp-block-image size-full\"><img decoding=\"async\" src=\"https:\/\/hotelpartner.com\/wp-content\/uploads\/2025\/05\/hotelpartner-booking-engine-standard-layout.jpg\" alt=\"\" class=\"wp-image-48533\" \/><\/figure>\n\n\n\n<p class=\"mb-0 has-large-font-size\"><strong>Mise en page standard<\/strong><\/p>\n\n\n\n<p>Classique, famili\u00e8re et facile \u00e0 utiliser<br><\/p>\n\n<\/div>\n<\/div><\/div>\n\n\n\n<div class=\"wp-block-column is-layout-flow wp-block-column-is-layout-flow\">\n<div id=\"block_c5f9e207f758d0ea38ab163840d4d489\" class=\"wx-block-card card is-style-outline is-full-height\">\n    <div class=\"acf-innerblocks-container\">\n\n<figure class=\"wp-block-image size-full\"><img decoding=\"async\" src=\"https:\/\/hotelpartner.com\/wp-content\/uploads\/2025\/05\/hotelpartner-booking-engine-bento-layout.jpg\" alt=\"\" class=\"wp-image-48531\" \/><\/figure>\n\n\n\n<p class=\"mb-0 has-large-font-size\"><strong>Mise en page Bento<\/strong><\/p>\n\n\n\n<p>Moderne et visuellement attrayante<br>    <\/p>\n\n<\/div>\n<\/div><\/div>\n\n\n\n<div class=\"wp-block-column is-layout-flow wp-block-column-is-layout-flow\">\n<div id=\"block_c5f9e207f758d0ea38ab163840d4d489\" class=\"wx-block-card card is-style-outline is-full-height\">\n    <div class=\"acf-innerblocks-container\">\n\n<figure class=\"wp-block-image size-full\"><img decoding=\"async\" src=\"https:\/\/hotelpartner.com\/wp-content\/uploads\/2025\/05\/hotelpartner-booking-engine-package-layout.jpg\" alt=\"\" class=\"wp-image-48532\" \/><\/figure>\n\n\n\n<p class=\"mb-0 has-large-font-size\"><strong>Mise en page \u201cOffres\u201d<\/strong><\/p>\n\n\n\n<p>Con\u00e7ue pour les offres sp\u00e9ciales et les promotions<\/p>\n\n<\/div>\n<\/div><\/div>\n<\/div>\n<\/div><\/div>\n\n\n\n<div class=\"wp-block-group alignfull has-beige-background-color has-background\"><div class=\"wp-block-group__inner-container is-layout-constrained wp-block-group-is-layout-constrained\">\n<h2 class=\"wp-block-heading has-text-align-center\" id=\"h-les-fonctionnalites-de-b-e-quick\">Les fonctionnalit\u00e9s de B.E. Quick<\/h2>\n\n\n\n<p class=\"has-text-align-center has-large-font-size\">Une technologie intelligente pour maximiser les r\u00e9servations directes<\/p>\n\n\n\n<div style=\"height:var(--wp--preset--spacing--50)\" aria-hidden=\"true\" class=\"wp-block-spacer\"><\/div>\n\n\n\n<div class=\"wp-block-columns is-layout-flex wp-container-core-columns-is-layout-9d6595d7 wp-block-columns-is-layout-flex\">\n<div class=\"wp-block-column is-layout-flow wp-block-column-is-layout-flow\">\n<div id=\"block_1a0fdf8466ddd851b5fe38356accfe25\" class=\"wx-block-card card is-full-height\">\n    <div class=\"acf-innerblocks-container\">\n\n<figure class=\"wp-block-image size-full\"><img decoding=\"async\" src=\"https:\/\/hotelpartner.com\/wp-content\/uploads\/2025\/05\/hotelpartner-soft-filtering-intelligent-search.jpg\" alt=\"\" class=\"wp-image-48555\" \/><\/figure>\n\n\n\n<p class=\"has-large-font-size\"><strong><strong><strong>Recherche intelligente et filtrage souple<\/strong><\/strong><\/strong><\/p>\n\n\n\n<p>Toutes les options visibles \u2013 Aucun client laiss\u00e9 de c\u00f4t\u00e9 !<\/p>\n\n\n\n<hr class=\"wp-block-separator has-alpha-channel-opacity\" \/>\n\n\n\n<ul class=\"wp-block-list\">\n<li><strong>Tri bas\u00e9 sur la pertinence<\/strong><br>Les chambres les plus adapt\u00e9es apparaissent en premier, les autres restent accessibles.<\/li>\n\n\n\n<li><strong>Aucun r\u00e9sultat masqu\u00e9<\/strong><br>Les chambres non conformes aux crit\u00e8res sont marqu\u00e9es d\u2019un X rouge, au lieu d\u2019\u00eatre supprim\u00e9es.<\/li>\n\n\n\n<li><strong>Exp\u00e9rience client optimis\u00e9e<\/strong><br>Pas besoin de r\u00e9initialiser les filtres ; les clients peuvent facilement explorer d&rsquo;autres options.<\/li>\n<\/ul>\n\n<\/div>\n<\/div><\/div>\n\n\n\n<div class=\"wp-block-column is-layout-flow wp-block-column-is-layout-flow\">\n<div id=\"block_1a0fdf8466ddd851b5fe38356accfe25\" class=\"wx-block-card card is-full-height\">\n    <div class=\"acf-innerblocks-container\">\n\n<figure class=\"wp-block-image size-full\"><img decoding=\"async\" src=\"https:\/\/hotelpartner.com\/wp-content\/uploads\/2025\/05\/hotelpartner-tagging.jpg\" alt=\"\" class=\"wp-image-48542\" \/><\/figure>\n\n\n\n<p class=\"has-large-font-size\"><strong><strong><strong><strong>\u00c9tiquettes de prix dynamiques et indicateurs de disponibilit\u00e9s<\/strong><\/strong><\/strong><\/strong><\/p>\n\n\n\n<p>La transparence et l\u2019urgence stimulent les r\u00e9servations !<\/p>\n\n\n\n<hr class=\"wp-block-separator has-alpha-channel-opacity\" \/>\n\n\n\n<ul class=\"wp-block-list\">\n<li><strong>Meilleur tarif<\/strong><br>Met en avant le tarif le plus avantageux pour les dates s\u00e9lectionn\u00e9es.<\/li>\n\n\n\n<li><strong>Prix le plus bas<\/strong><br>Affiche clairement la cat\u00e9gorie de chambre disponible la plus \u00e9conomique.<\/li>\n\n\n\n<li><strong>Plus que X chambres disponibles !<\/strong><br>Cr\u00e9e un sentiment d\u2019urgence et incite \u00e0 r\u00e9server plus rapidement.<\/li>\n<\/ul>\n\n<\/div>\n<\/div><\/div>\n\n\n\n<div class=\"wp-block-column is-layout-flow wp-block-column-is-layout-flow\">\n<div id=\"block_1a0fdf8466ddd851b5fe38356accfe25\" class=\"wx-block-card card is-full-height\">\n    <div class=\"acf-innerblocks-container\">\n\n<figure class=\"wp-block-image size-full\"><img decoding=\"async\" src=\"https:\/\/hotelpartner.com\/wp-content\/uploads\/2025\/05\/hotelpartner-room-update.jpg\" alt=\"\" class=\"wp-image-48554\" \/><\/figure>\n\n\n\n<p class=\"has-large-font-size\"><strong><strong><strong><strong>Vente incitative intelligente et int\u00e9gration des surclassements<\/strong><\/strong><\/strong><\/strong><\/p>\n\n\n\n<p>Augmentez le panier moyen gr\u00e2ce \u00e0 une vente incitative automatis\u00e9e et pertinente !<\/p>\n\n\n\n<hr class=\"wp-block-separator has-alpha-channel-opacity\" \/>\n\n\n\n<ul class=\"wp-block-list\">\n<li><strong>Recommandations personnalis\u00e9es de surclassement<\/strong><br>Suggestions personnalis\u00e9es bas\u00e9es sur le comportement du client.<\/li>\n\n\n\n<li><strong>Relance intelligente<\/strong><br>Si un client refuse un surclassement, celui-ci r\u00e9appara\u00eet lorsqu\u2019il change de chambre.<\/li>\n\n\n\n<li><strong>Revenus accrus via une vente incitative optimis\u00e9e<\/strong><br>Encourage les r\u00e9servations premium et les options suppl\u00e9mentaires..<\/li>\n<\/ul>\n\n<\/div>\n<\/div><\/div>\n<\/div>\n\n\n\n<div class=\"wp-block-columns is-layout-flex wp-container-core-columns-is-layout-9d6595d7 wp-block-columns-is-layout-flex\">\n<div class=\"wp-block-column is-layout-flow wp-block-column-is-layout-flow\">\n<div id=\"block_1a0fdf8466ddd851b5fe38356accfe25\" class=\"wx-block-card card is-full-height\">\n    <div class=\"acf-innerblocks-container\">\n\n<figure class=\"wp-block-image size-full\"><img decoding=\"async\" src=\"https:\/\/hotelpartner.com\/wp-content\/uploads\/2025\/05\/hotelpartner-guest-message.jpg\" alt=\"\" class=\"wp-image-48538\" \/><\/figure>\n\n\n\n<p class=\"has-large-font-size\"><strong><strong><strong>Communication dynamique avec les clients<\/strong><\/strong><\/strong><\/p>\n\n\n\n<p>Informations cl\u00e9s affich\u00e9es directement pendant la r\u00e9servation !<\/p>\n\n\n\n<hr class=\"wp-block-separator has-alpha-channel-opacity\" \/>\n\n\n\n<ul class=\"wp-block-list\">\n<li><strong>Messages personnalisables en en-t\u00eate<\/strong><br>Mettez en avant des codes promo, \u00e9v\u00e9nements, horaires du restaurant, certifications durables, etc.<\/li>\n\n\n\n<li><strong>Rotation automatique des messages<\/strong><br>Plusieurs messages d\u00e9filent toutes les 6 secondes.<\/li>\n\n\n\n<li><strong>Communication personnalis\u00e9e<\/strong><br>Affiche des informations pertinentes aux moments cl\u00e9s du parcours client.<\/li>\n<\/ul>\n\n<\/div>\n<\/div><\/div>\n\n\n\n<div class=\"wp-block-column is-layout-flow wp-block-column-is-layout-flow\">\n<div id=\"block_1a0fdf8466ddd851b5fe38356accfe25\" class=\"wx-block-card card is-full-height\">\n    <div class=\"acf-innerblocks-container\">\n\n<figure class=\"wp-block-image size-full\"><img decoding=\"async\" src=\"https:\/\/hotelpartner.com\/wp-content\/uploads\/2025\/05\/hotelpartner-landingpages-wbe.jpg\" alt=\"\" class=\"wp-image-48539\" \/><\/figure>\n\n\n\n<p class=\"has-large-font-size\"><strong><strong><strong><strong>Pages d\u2019atterrissage automatis\u00e9es<\/strong><\/strong><\/strong><\/strong><\/p>\n\n\n\n<p>Chaque code promo et forfait a sa propre page de r\u00e9servation d\u00e9di\u00e9e !<\/p>\n\n\n\n<hr class=\"wp-block-separator has-alpha-channel-opacity\" \/>\n\n\n\n<ul class=\"wp-block-list\">\n<li><strong>URLs uniques pour les promotions et forfaits<\/strong><br>Id\u00e9al pour les r\u00e9seaux sociaux, les newsletters et les campagnes marketing.<\/li>\n\n\n\n<li><strong>Pages personnalis\u00e9es pour les entreprises et mariages<\/strong><br>Exp\u00e9riences sur mesure pour les r\u00e9servations de groupe..<\/li>\n\n\n\n<li><strong>Design optimis\u00e9 pour la conversion<\/strong><br>Supprime les distractions pour se concentrer uniquement sur la r\u00e9servation.<\/li>\n<\/ul>\n\n<\/div>\n<\/div><\/div>\n\n\n\n<div class=\"wp-block-column is-layout-flow wp-block-column-is-layout-flow\">\n<div id=\"block_1a0fdf8466ddd851b5fe38356accfe25\" class=\"wx-block-card card is-full-height\">\n    <div class=\"acf-innerblocks-container\">\n\n<figure class=\"wp-block-image size-full\"><img decoding=\"async\" src=\"https:\/\/hotelpartner.com\/wp-content\/uploads\/2025\/05\/hotelpartner-best-price.jpg\" alt=\"\" class=\"wp-image-48535\" \/><\/figure>\n\n\n\n<p class=\"has-large-font-size\"><strong><strong><strong><strong>Comparaison des prix et avantages de la r\u00e9servation directe<\/strong><\/strong><\/strong><\/strong><\/p>\n\n\n\n<p>Comparez, convertissez et augmentez vos r\u00e9servations directes \u2013 sans effort !<\/p>\n\n\n\n<hr class=\"wp-block-separator has-alpha-channel-opacity\" \/>\n\n\n\n<ul class=\"wp-block-list\">\n<li><strong>Comparaison des prix avec les OTA<\/strong><br>Les clients constatent que la r\u00e9servation directe propose des tarifs \u00e9quivalents ou meilleurs.<\/li>\n\n\n\n<li><strong>Avantages exclusifs pour r\u00e9servation directe<\/strong><br>Petit-d\u00e9jeuner offert, annulation flexible ou offres sp\u00e9ciales.<\/li>\n\n\n\n<li><strong><strong>Meilleur taux de conversion <\/strong><\/strong>inspir\u00e9 par la transparence et renforc\u00e9 par la confiance.<\/li>\n<\/ul>\n\n<\/div>\n<\/div><\/div>\n<\/div>\n\n\n\n<div class=\"wp-block-columns is-layout-flex wp-container-core-columns-is-layout-9d6595d7 wp-block-columns-is-layout-flex\">\n<div class=\"wp-block-column is-layout-flow wp-block-column-is-layout-flow\">\n<div id=\"block_1a0fdf8466ddd851b5fe38356accfe25\" class=\"wx-block-card card is-full-height\">\n    <div class=\"acf-innerblocks-container\">\n\n<figure class=\"wp-block-image size-full\"><img decoding=\"async\" src=\"https:\/\/hotelpartner.com\/wp-content\/uploads\/2025\/05\/hotelpartner-room-comparison-tool.jpg\" alt=\"\" class=\"wp-image-48540\" \/><\/figure>\n\n\n\n<p class=\"has-large-font-size\"><strong><strong><strong>Outil de comparaison des chambres<\/strong><\/strong><\/strong><\/p>\n\n\n\n<p>Comparez, comprenez et r\u00e9servez \u2013 en toute confiance !<\/p>\n\n\n\n<hr class=\"wp-block-separator has-alpha-channel-opacity\" \/>\n\n\n\n<ul class=\"wp-block-list\">\n<li><strong>Comparaison c\u00f4te \u00e0 c\u00f4te<\/strong><br>Aide les clients \u00e0 visualiser les avantages d\u2019un surclassement..<\/li>\n\n\n\n<li><strong>Tri personnalis\u00e9<\/strong><br>Les clients peuvent r\u00e9organiser les cat\u00e9gories de chambres selon leurs pr\u00e9f\u00e9rences.<\/li>\n\n\n\n<li><strong><strong>Affichage clair des avantages<\/strong><\/strong><br>Met en \u00e9vidence les diff\u00e9rences essentielles et les avantages suppl\u00e9mentaires.<\/li>\n<\/ul>\n\n<\/div>\n<\/div><\/div>\n\n\n\n<div class=\"wp-block-column is-layout-flow wp-block-column-is-layout-flow\">\n<div id=\"block_1a0fdf8466ddd851b5fe38356accfe25\" class=\"wx-block-card card is-full-height\">\n    <div class=\"acf-innerblocks-container\">\n\n<figure class=\"wp-block-image size-full\"><img decoding=\"async\" src=\"https:\/\/hotelpartner.com\/wp-content\/uploads\/2025\/05\/hotelpartner-faq.jpg\" alt=\"\" class=\"wp-image-48536\" \/><\/figure>\n\n\n\n<p class=\"has-large-font-size\"><strong><strong><strong><strong>Section FAQ personnalisable<\/strong><\/strong><\/strong><\/strong><\/p>\n\n\n\n<p>R\u00e9duisez les questions des clients \u2013 Am\u00e9liorez l\u2019exp\u00e9rience de r\u00e9servation !<\/p>\n\n\n\n<hr class=\"wp-block-separator has-alpha-channel-opacity\" \/>\n\n\n\n<ul class=\"wp-block-list\">\n<li><strong>Enti\u00e8rement personnalisable<\/strong><br>D\u00e9finissez vos propres questions et cat\u00e9gories.<\/li>\n\n\n\n<li><strong>Compatible multi-h\u00f4tels<\/strong><br>Les FAQ peuvent \u00eatre cr\u00e9\u00e9es une seule fois et appliqu\u00e9es \u00e0 plusieurs h\u00f4tels.<\/li>\n\n\n\n<li><strong>Renforce la confiance et la satisfaction des clients<\/strong><br>Inclut les politiques d\u2019annulation, les horaires du petit-d\u00e9jeuner, les informations de stationnement, et bien plus encore.<\/li>\n<\/ul>\n\n<\/div>\n<\/div><\/div>\n\n\n\n<div class=\"wp-block-column is-layout-flow wp-block-column-is-layout-flow\"><\/div>\n<\/div>\n<\/div><\/div>\n\n\n\n<div class=\"wp-block-group\"><div class=\"wp-block-group__inner-container is-layout-constrained wp-block-group-is-layout-constrained\">\n<h2 class=\"wp-block-heading has-text-align-center\" id=\"h-b-e-quick-notre-moteur-de-reservation-nouvelle-generation\">B.E. Quick, notre moteur de r\u00e9servation nouvelle g\u00e9n\u00e9ration<\/h2>\n\n\n\n<p class=\"has-text-align-center is-style-narrow-600 has-large-font-size\">Con\u00e7u pour aider les h\u00f4tels \u00e0 convertir plus de visiteurs en clients, augmenter les revenus directs et am\u00e9liorer l\u2019exp\u00e9rience de r\u00e9servation.<\/p>\n\n\n\n<div style=\"height:var(--wp--preset--spacing--70)\" aria-hidden=\"true\" class=\"wp-block-spacer\"><\/div>\n\n\n\n<div class=\"wp-block-media-text is-stacked-on-mobile is-vertically-aligned-center\"><figure class=\"wp-block-media-text__media\"><img decoding=\"async\" src=\"https:\/\/hotelpartner.com\/wp-content\/uploads\/2025\/05\/hotelpartner-next-evolution-1024x655.png\" alt=\"\" class=\"wp-image-48547 size-full\" \/><\/figure><div class=\"wp-block-media-text__content\">\n<h3 class=\"wp-block-heading\" id=\"h-la-prochaine-evolution-des-reservations-directes\">La prochaine \u00e9volution des r\u00e9servations directes<\/h3>\n\n\n\n<p>Chez HotelPartner Revenue Management, notre engagement envers l\u2019innovation est guid\u00e9 par une mission centrale :<\/p>\n\n\n\n<p>Donner aux h\u00f4teliers les meilleurs outils, expertises et technologies pour maximiser leurs revenus et simplifier leurs op\u00e9rations. \u00c0 mesure que l\u2019industrie \u00e9volue, les besoins des h\u00f4tels ind\u00e9pendants et de charme \u00e9voluent \u00e9galement \u2014 en particulier en mati\u00e8re de r\u00e9servations directes. C\u2019est pourquoi nous sommes ravis de pr\u00e9senter <strong>B.E. Quick<\/strong>, notre <strong>moteur de r\u00e9servation nouvelle g\u00e9n\u00e9ration (WBE)<\/strong> con\u00e7u pour aider les h\u00f4tels \u00e0 <strong>convertir plus de visiteurs en clients<\/strong>, <strong>augmenter leurs revenus directs<\/strong> et <strong>am\u00e9liorer l\u2019exp\u00e9rience de r\u00e9servation<\/strong>..<\/p>\n<\/div><\/div>\n\n\n\n<div style=\"height:var(--wp--preset--spacing--60)\" aria-hidden=\"true\" class=\"wp-block-spacer\"><\/div>\n\n\n\n<div class=\"wp-block-media-text has-media-on-the-right is-stacked-on-mobile is-vertically-aligned-center\"><div class=\"wp-block-media-text__content\">\n<h3 class=\"wp-block-heading\" id=\"h-pourquoi-nous-avons-cree-b-e-quick\">Pourquoi nous avons cr\u00e9\u00e9 B.E. Quick<\/h3>\n\n\n\n<p>Notre pr\u00e9c\u00e9dent moteur de r\u00e9servation (WBE) a \u00e9t\u00e9 d\u00e9velopp\u00e9 par n\u00e9cessit\u00e9, \u00e0 une \u00e9poque o\u00f9 de nombreux h\u00f4tels ne disposaient pas d\u2019un v\u00e9ritable syst\u00e8me de r\u00e9servation en ligne. Mais avec l\u2019\u00e9volution des technologies, nous avons vu l\u2019opportunit\u00e9 d\u2019aller plus loin. Plut\u00f4t que d\u2019optimiser simplement notre WBE existant, nous avons choisi de le red\u00e9finir \u2014 en cr\u00e9ant une solution parfaitement align\u00e9e avec les besoins actuels des h\u00f4teliers et de leurs clients..<\/p>\n\n\n\n<p>Apr\u00e8s plusieurs mois de d\u00e9veloppement et de tests, <strong>B.E. Quick<\/strong> est d\u00e9sormais pr\u00eat \u00e0 \u00e9tablir de <strong>nouvelles r\u00e9f\u00e9rences en mati\u00e8re de performance de r\u00e9servation directe<\/strong>..<\/p>\n<\/div><figure class=\"wp-block-media-text__media\"><img decoding=\"async\" src=\"https:\/\/hotelpartner.com\/wp-content\/uploads\/2025\/05\/hotelpartner-why-we-built-1024x683.png\" alt=\"\" class=\"wp-image-48548 size-full\" \/><\/figure><\/div>\n<\/div><\/div>\n\n\n\n<div class=\"wp-block-group alignfull has-beige-background-color has-background\"><div class=\"wp-block-group__inner-container is-layout-constrained wp-block-group-is-layout-constrained\">\n<h2 class=\"wp-block-heading has-text-align-center\" id=\"h-feuille-de-route-2025-l-avenir-de-b-e-quick\">Feuille de route 2025 \u2013 L\u2019avenir de B.E. Quick<\/h2>\n\n\n\n<p class=\"has-text-align-center has-large-font-size\">Fonctionnalit\u00e9s \u00e0 venir et am\u00e9liorations pr\u00e9vues<\/p>\n\n\n\n<div style=\"height:var(--wp--preset--spacing--50)\" aria-hidden=\"true\" class=\"wp-block-spacer\"><\/div>\n\n\n\n<div class=\"wp-block-group roadmap is-style-narrow-600 has-text-align-center\"><div class=\"wp-block-group__inner-container is-layout-constrained wp-block-group-is-layout-constrained\">\n<div class=\"wp-block-group card card--outline is-nowrap is-layout-flex wp-container-core-group-is-layout-ad2f72ca wp-block-group-is-layout-flex\">\n<figure class=\"wp-block-image size-large is-resized\"><img decoding=\"async\" src=\"https:\/\/hotelpartner.com\/wp-content\/uploads\/2025\/05\/HP-B-E-Quick-icons-01.svg\" alt=\"\" class=\"wp-image-48557\" style=\"width:56px\" \/><\/figure>\n\n\n\n<p class=\"has-text-align-left\"><strong>Int\u00e9gration d\u2019un outil de bons cadeaux<\/strong><\/p>\n<\/div>\n\n\n\n<div class=\"wp-block-group card card--outline is-content-justification-left is-nowrap is-layout-flex wp-container-core-group-is-layout-f56a869c wp-block-group-is-layout-flex\">\n<figure class=\"wp-block-image size-large is-resized\"><img decoding=\"async\" src=\"https:\/\/hotelpartner.com\/wp-content\/uploads\/2025\/05\/HP-B-E-Quick-icons-05.svg\" alt=\"\" class=\"wp-image-48561\" style=\"width:56px\" \/><\/figure>\n\n\n\n<p class=\"has-text-align-left\"><strong>Tarifs exclusifs mobile<\/strong><\/p>\n<\/div>\n\n\n\n<div class=\"wp-block-group card card--outline is-content-justification-left is-nowrap is-layout-flex wp-container-core-group-is-layout-f56a869c wp-block-group-is-layout-flex\">\n<figure class=\"wp-block-image size-large is-resized\"><img decoding=\"async\" src=\"https:\/\/hotelpartner.com\/wp-content\/uploads\/2025\/05\/HP-B-E-Quick-icons-03.svg\" alt=\"\" class=\"wp-image-48559\" style=\"width:56px\" \/><\/figure>\n\n\n\n<p class=\"has-text-align-left\"><strong>Filtres de recherche avanc\u00e9s<\/strong><\/p>\n<\/div>\n\n\n\n<div class=\"wp-block-group card card--outline is-content-justification-left is-nowrap is-layout-flex wp-container-core-group-is-layout-f56a869c wp-block-group-is-layout-flex\">\n<figure class=\"wp-block-image size-large is-resized\"><img decoding=\"async\" src=\"https:\/\/hotelpartner.com\/wp-content\/uploads\/2025\/05\/HP-B-E-Quick-icons-04.svg\" alt=\"\" class=\"wp-image-48560\" style=\"width:56px\" \/><\/figure>\n\n\n\n<p class=\"has-text-align-left\"><strong>Mod\u00e8les de FAQ pour une mise en place rapide<\/strong><\/p>\n<\/div>\n\n\n\n<div class=\"wp-block-group card card--outline is-content-justification-left is-nowrap is-layout-flex wp-container-core-group-is-layout-f56a869c wp-block-group-is-layout-flex\">\n<figure class=\"wp-block-image size-large is-resized\"><img decoding=\"async\" src=\"https:\/\/hotelpartner.com\/wp-content\/uploads\/2025\/05\/HP-B-E-Quick-icons-02.svg\" alt=\"\" class=\"wp-image-48558\" style=\"width:56px\" \/><\/figure>\n\n\n\n<p class=\"has-text-align-left\"><strong>R\u00e9servations avec p\u00e9riodes de s\u00e9jour flexibles<\/strong><\/p>\n<\/div>\n\n\n\n<div class=\"wp-block-group card card--outline is-content-justification-left is-nowrap is-layout-flex wp-container-core-group-is-layout-f56a869c wp-block-group-is-layout-flex\">\n<figure class=\"wp-block-image size-large is-resized\"><img loading=\"lazy\" decoding=\"async\" width=\"50\" height=\"50\" src=\"https:\/\/hotelpartner.com\/fr\/wp-content\/uploads\/sites\/3\/2025\/05\/HP-B-E-Quick-icons-06.svg\" alt=\"\" class=\"wp-image-12512\" style=\"width:56px\" \/><\/figure>\n\n\n\n<p class=\"has-text-align-left\"><strong>Exp\u00e9riences de r\u00e9servation sans couture<\/strong><\/p>\n<\/div>\n<\/div><\/div>\n<\/div><\/div>\n","protected":false},"excerpt":{"rendered":"<p>B.E. Quick \u2013Votre moteur de r\u00e9servation pour plus de ventes directes et un meilleur taux de conversion Maximisez vos r\u00e9servations directes gr\u00e2ce \u00e0 une&hellip;<\/p>\n","protected":false},"author":1,"featured_media":0,"parent":0,"menu_order":0,"comment_status":"closed","ping_status":"closed","template":"","meta":{"_acf_changed":false,"content-type":"","editor_notices":[],"footnotes":""},"class_list":["post-12445","page","type-page","status-publish","hentry","entry"],"acf":[],"_links":{"self":[{"href":"https:\/\/hotelpartner.com\/fr\/wp-json\/wp\/v2\/pages\/12445","targetHints":{"allow":["GET"]}}],"collection":[{"href":"https:\/\/hotelpartner.com\/fr\/wp-json\/wp\/v2\/pages"}],"about":[{"href":"https:\/\/hotelpartner.com\/fr\/wp-json\/wp\/v2\/types\/page"}],"author":[{"embeddable":true,"href":"https:\/\/hotelpartner.com\/fr\/wp-json\/wp\/v2\/users\/1"}],"replies":[{"embeddable":true,"href":"https:\/\/hotelpartner.com\/fr\/wp-json\/wp\/v2\/comments?post=12445"}],"version-history":[{"count":18,"href":"https:\/\/hotelpartner.com\/fr\/wp-json\/wp\/v2\/pages\/12445\/revisions"}],"predecessor-version":[{"id":12521,"href":"https:\/\/hotelpartner.com\/fr\/wp-json\/wp\/v2\/pages\/12445\/revisions\/12521"}],"wp:attachment":[{"href":"https:\/\/hotelpartner.com\/fr\/wp-json\/wp\/v2\/media?parent=12445"}],"curies":[{"name":"wp","href":"https:\/\/api.w.org\/{rel}","templated":true}]}}