{"id":2220,"date":"2022-01-20T10:49:01","date_gmt":"2022-01-20T09:49:01","guid":{"rendered":"https:\/\/hotelpartner-ym.com\/de\/?page_id=2220"},"modified":"2024-10-24T15:51:37","modified_gmt":"2024-10-24T13:51:37","slug":"veranstaltungs-termin","status":"publish","type":"page","link":"https:\/\/hotelpartner.com\/de\/veranstaltungs-termin\/","title":{"rendered":"Veranstaltungs-Termin"},"content":{"rendered":"\n<div class=\"wp-block-group\"><div class=\"wp-block-group__inner-container is-layout-flow wp-block-group-is-layout-flow\">\n<h1 class=\"wp-block-heading aos-fadeInLeft\" id=\"h-vereinbaren-sie-einen-termin\">Vereinbaren Sie einen Termin<\/h1>\n\n\n\n<p class=\"is-style-narrow-600 aos-fadeInLeft aos-delay-100\">Sie wollen auf einem Event einen Termin mit uns vereinbaren? F\u00fcllen Sie bitte das nachfolgende Formular aus.<\/p>\n\n\n\n<div style=\"height:2em\" aria-hidden=\"true\" class=\"wp-block-spacer\"><\/div>\n\n\n\n<div class=\"wp-block-columns is-layout-flex wp-container-core-columns-is-layout-9d6595d7 wp-block-columns-is-layout-flex\">\n<div class=\"wp-block-column is-layout-flow wp-block-column-is-layout-flow\" style=\"flex-basis:66.66%\"><div class=\"wx-hubspot-form\"><script charset=\"utf-8\" type=\"text\/javascript\" src=\"\/\/js-eu1.hsforms.net\/forms\/embed\/v2.js\"><\/script><script>\n            hbspt.forms.create({\n                region: \"eu1\",\n                portalId: \"25382515\",\n                formId: \"dc741ab9-7489-48f4-bc9c-b23c14e9f6cf\"\n            });\n        <\/script><\/div>\n<\/div>\n\n\n\n<div class=\"wp-block-column is-layout-flow wp-block-column-is-layout-flow\" style=\"flex-basis:33.33%\">\n<div id=\"block_7f7049f5fd8283571c76b836fd969d6b\" class=\"wx-block-card card is-style-outline\">\n    <div class=\"acf-innerblocks-container\">\n\n<h3 class=\"wp-block-heading h4\" id=\"h-allgemeine-kontaktinformationen\">Allgemeine Kontaktinformationen<\/h3>\n\n\n\n<p>Bitte f\u00fcllen Sie das Formular aus und wir werden uns so schnell wie m\u00f6glich bei Ihnen melden. Oder kontaktieren Sie uns \u00fcber folgende Wege:<\/p>\n\n\n\n<p><a href=\"mailto:bd@hotelpartner-ym.com\">bd@hotelpartner-ym.com<\/a><\/p>\n\n<\/div>\n<\/div><\/div>\n<\/div>\n<\/div><\/div>\n","protected":false},"excerpt":{"rendered":"<p>Vereinbaren Sie einen Termin Sie wollen auf einem Event einen Termin mit uns vereinbaren? F\u00fcllen Sie bitte das nachfolgende Formular aus.<\/p>\n","protected":false},"author":1,"featured_media":0,"parent":0,"menu_order":0,"comment_status":"closed","ping_status":"closed","template":"","meta":{"_acf_changed":false,"content-type":"","editor_notices":[],"footnotes":""},"class_list":["post-2220","page","type-page","status-publish","hentry","entry"],"acf":[],"_links":{"self":[{"href":"https:\/\/hotelpartner.com\/de\/wp-json\/wp\/v2\/pages\/2220","targetHints":{"allow":["GET"]}}],"collection":[{"href":"https:\/\/hotelpartner.com\/de\/wp-json\/wp\/v2\/pages"}],"about":[{"href":"https:\/\/hotelpartner.com\/de\/wp-json\/wp\/v2\/types\/page"}],"author":[{"embeddable":true,"href":"https:\/\/hotelpartner.com\/de\/wp-json\/wp\/v2\/users\/1"}],"replies":[{"embeddable":true,"href":"https:\/\/hotelpartner.com\/de\/wp-json\/wp\/v2\/comments?post=2220"}],"version-history":[{"count":7,"href":"https:\/\/hotelpartner.com\/de\/wp-json\/wp\/v2\/pages\/2220\/revisions"}],"predecessor-version":[{"id":17129,"href":"https:\/\/hotelpartner.com\/de\/wp-json\/wp\/v2\/pages\/2220\/revisions\/17129"}],"wp:attachment":[{"href":"https:\/\/hotelpartner.com\/de\/wp-json\/wp\/v2\/media?parent=2220"}],"curies":[{"name":"wp","href":"https:\/\/api.w.org\/{rel}","templated":true}]}}