{"id":1836,"date":"2021-08-03T16:10:34","date_gmt":"2021-08-03T14:10:34","guid":{"rendered":"https:\/\/hotelpartner-ym.com\/de\/?page_id=1836"},"modified":"2026-04-02T14:54:57","modified_gmt":"2026-04-02T12:54:57","slug":"angebot","status":"publish","type":"page","link":"https:\/\/hotelpartner.com\/de\/angebot\/","title":{"rendered":"Angebot"},"content":{"rendered":"\n<div class=\"wp-block-group\"><div class=\"wp-block-group__inner-container is-layout-flow wp-block-group-is-layout-flow\">\n<h1 class=\"wp-block-heading has-text-align-center\">HotelPartner Dienstleistungen<\/h1>\n\n\n\n<p class=\"has-text-align-center has-large-font-size\">W\u00e4hlen Sie das Paket, welches Ihren Anforderungen entspricht:<\/p>\n\n\n\n<div style=\"height:40px\" aria-hidden=\"true\" class=\"wp-block-spacer\"><\/div>\n\n\n\n<div class=\"wp-block-columns is-layout-flex wp-container-core-columns-is-layout-9d6595d7 wp-block-columns-is-layout-flex\">\n<div class=\"wp-block-column card card--outline mt-1 d-flex flex-column has-light-grey-background-color has-background is-layout-flow wp-block-column-is-layout-flow\">\n<div style=\"height:8px\" aria-hidden=\"true\" class=\"wp-block-spacer\"><\/div>\n\n\n\n<p class=\"has-text-align-center\">Konsolidieren &amp; zentralisieren Sie Ihr Revenue-Management <\/p>\n\n\n\n<h2 class=\"wp-block-heading has-text-align-center\">Hotel <br>Gruppen<\/h2>\n\n\n\n<p class=\"has-text-align-center\">Gewinnen Sie markt\u00fcbergreifendes Know-how und optimieren Sie Ihre Performance in allen Hotels<\/p>\n\n\n\n<p class=\"has-text-align-center has-normal-font-size\"><span class=\"text-uppercase\"><strong>Geeignet <\/strong><\/span><br><span class=\"text-uppercase\"><strong>f\u00fcr<\/strong><\/span>:<\/p>\n\n\n\n<ul class=\"wp-block-list\">\n<li>Hotel Ketten (5- 150 Hotels)<\/li>\n\n\n\n<li>Hotelbetreiber<\/li>\n\n\n\n<li>Franchise Konzepte<\/li>\n\n\n\n<li>Unabh\u00e4ngige &amp; Branded Hotels<\/li>\n<\/ul>\n\n\n\n\n\n<div style=\"height:8px\" aria-hidden=\"true\" class=\"wp-block-spacer\"><\/div>\n<\/div>\n\n\n\n<div class=\"wp-block-column sticky card d-flex flex-column has-beige-background-color has-light-blue-background-color has-background is-layout-flow wp-block-column-is-layout-flow\">\n<div style=\"height:8px\" aria-hidden=\"true\" class=\"wp-block-spacer\"><\/div>\n\n\n\n<p class=\"has-text-align-center\">Optimieren Sie Ihr Revenue Management<\/p>\n\n\n\n<h2 class=\"wp-block-heading has-text-align-center has-blue-color has-text-color\">Individuelles Hotel<\/h2>\n\n\n\n<p class=\"has-text-align-center\">Auf Ihre spezifischen Bed\u00fcrfnisse zugeschnittene Service Levels f\u00fcr maximale Umsatzsteigerung<\/p>\n\n\n\n<p class=\"has-text-align-center\"><span class=\"text-uppercase\"><strong>Geeignet f\u00fcr Hotels <\/strong><\/span><br><span class=\"text-uppercase\"><strong>mit:<\/strong><\/span><\/p>\n\n\n\n<ul class=\"wp-block-list\">\n<li>Kompetitivem Marktumfeld<\/li>\n\n\n\n<li><span>Dynamischer Destination<\/span><\/li>\n\n\n\n<li>Regelm\u00e4\u00dfigem Handlungsbedarf<\/li>\n\n\n\n<li>Komplexen Revenuestrategien <\/li>\n<\/ul>\n\n\n\n\n\n<div style=\"height:8px\" aria-hidden=\"true\" class=\"wp-block-spacer\"><\/div>\n<\/div>\n\n\n\n<div class=\"wp-block-column card card--outline mt-1 d-flex flex-column has-light-grey-background-color has-background is-layout-flow wp-block-column-is-layout-flow\">\n<div style=\"height:8px\" aria-hidden=\"true\" class=\"wp-block-spacer\"><\/div>\n\n\n\n<p class=\"has-text-align-center\">Beginnen Sie jetzt mit professionellem Revenue Management <\/p>\n\n\n\n<h2 class=\"wp-block-heading has-text-align-center\">Einsteiger Paket<\/h2>\n\n\n\n<p class=\"has-text-align-center is-style-default\">Steigern Sie Ihren Umsatz durch fachkundige Beratung, neueste Technologien und Automatisierung<\/p>\n\n\n\n<p class=\"has-text-align-center has-normal-font-size\"><strong><span class=\"text-uppercase\">Im Paket <\/span><\/strong><br><span class=\"text-uppercase\"><strong>enthalte<\/strong><\/span><span class=\"text-uppercase\"><strong>n<\/strong><\/span>:<\/p>\n\n\n\n<ul class=\"wp-block-list\">\n<li>Strategieberatung &amp; Umsetzung<\/li>\n\n\n\n<li>Automatisierte Distribution<\/li>\n\n\n\n<li>Dynamische Preisgestaltung  <\/li>\n\n\n\n<li>Digitalisierung &amp; Technologie<\/li>\n<\/ul>\n\n\n\n\n\n<div style=\"height:8px\" aria-hidden=\"true\" class=\"wp-block-spacer\"><\/div>\n<\/div>\n<\/div>\n\n\n\n<div style=\"height:100px\" aria-hidden=\"true\" class=\"wp-block-spacer\"><\/div>\n\n\n\n<div class=\"wp-block-columns is-layout-flex wp-container-core-columns-is-layout-9d6595d7 wp-block-columns-is-layout-flex\">\n<div class=\"wp-block-column is-layout-flow wp-block-column-is-layout-flow\" style=\"flex-basis:33.33%\">\n<div class=\"wp-block-group sticky-offer\"><div class=\"wp-block-group__inner-container is-layout-flow wp-block-group-is-layout-flow\">\n<div class=\"wp-block-group card aos-fadeInRight has-light-blue-background-color has-background\"><div class=\"wp-block-group__inner-container is-layout-flow wp-block-group-is-layout-flow\">\n<h5 class=\"wp-block-heading has-blue-color has-text-color\">Individuelles Hotel<\/h5>\n\n\n\n<p class=\"mb-0\">Auf Ihre spezifischen Bed\u00fcrfnisse zugeschnittene Service Levels f\u00fcr maximale Umsatzsteigerung und Leistung.<\/p>\n\n\n<\/div><\/div>\n\n\n\n<div class=\"wp-block-group card card--outline aos-fadeInRight aos-delay-500 has-light-grey-background-color has-background\"><div class=\"wp-block-group__inner-container is-layout-flow wp-block-group-is-layout-flow\">\n<h5 class=\"wp-block-heading\">Hotel Gruppen<\/h5>\n\n\n\n<p class=\"mb-0\">Gewinnen Sie markt\u00fcbergreifendes Know-how und optimieren Sie Ihre Performance in allen Hotels.<\/p>\n\n\n<\/div><\/div>\n\n\n\n<div class=\"wp-block-group card card--outline aos-fadeInRight aos-delay-1000 has-light-grey-background-color has-background\"><div class=\"wp-block-group__inner-container is-layout-flow wp-block-group-is-layout-flow\">\n<h5 class=\"wp-block-heading\">Einsteiger Paket<\/h5>\n\n\n\n<p class=\"mb-0\">Steigern Sie Ihren Umsatz durch fachkundige Beratung, neueste Technologien und Automatisierung.<\/p>\n\n\n<\/div><\/div>\n<\/div><\/div>\n<\/div>\n\n\n\n<div class=\"wp-block-column is-layout-flow wp-block-column-is-layout-flow\" style=\"flex-basis:66.66%\">\n<h3 class=\"wp-block-heading\" id=\"all-features\">Welche Revenue Management Services k\u00f6nnen Sie von HotelPartner erwarten?<\/h3>\n\n\n\n<div style=\"height:16px\" aria-hidden=\"true\" class=\"wp-block-spacer\"><\/div>\n\n\n\n<h4 class=\"wp-block-heading\"><strong>HotelPartner Technologien<\/strong><\/h4>\n\n\n\n<ul class=\"wp-block-list\">\n<li>Revenue Management System<\/li>\n\n\n\n<li>Integrierter Channel Manager (Zwei-Wege-Schnittstelle)<\/li>\n\n\n\n<li>Business-Intelligence-Module (Rate Shopper, Market Apps, Benchmarking, etc.)<\/li>\n\n\n\n<li>Reporting Tools<\/li>\n\n\n\n<li>Front Office \/ Back Office Reservierungstools<\/li>\n<\/ul>\n\n\n\n<hr class=\"wp-block-separator has-css-opacity\"\/>\n\n\n\n<h4 class=\"wp-block-heading\">Onboarding<\/h4>\n\n\n\n<ul class=\"wp-block-list\">\n<li>Kick-Off<\/li>\n\n\n\n<li>Wettbewerbs- und Marktanalyse<\/li>\n\n\n\n<li>Ma\u00dfgeschneiderte Revenue Management Strategie<\/li>\n\n\n\n<li>Set-Up &amp; Implementierung<\/li>\n\n\n\n<li>Schnittstellenkonnektivit\u00e4t<\/li>\n\n\n\n<li>Channel Management &amp; Set-Up<\/li>\n\n\n\n<li>Mitarbeiter Training<\/li>\n<\/ul>\n\n\n\n<hr class=\"wp-block-separator has-css-opacity\"\/>\n\n\n\n<h4 class=\"wp-block-heading\">Yield Management Funktionen (Auszug)<\/h4>\n\n\n\n<ul class=\"wp-block-list\">\n<li>Dynamische Preisgestaltung<\/li>\n\n\n\n<li>Preisgestaltung in Echtzeit \/ Vollautomatisierte Distribution<\/li>\n\n\n\n<li>Event Preise \/ Peak Preisoptimierung<\/li>\n\n\n\n<li>Auslastungsbasierende Matrix-Preisgestaltung<\/li>\n\n\n\n<li>Marktbasierende Preisgestaltung <\/li>\n\n\n\n<li>Manuelle \u00dcberschreibfunktion (Flexible Benutzerrechte)\u00a0<\/li>\n\n\n\n<li>Raten Management<\/li>\n\n\n\n<li>Kommissionsoptimierung\u00a0\/ Vertriebskostenreduktion<\/li>\n\n\n\n<li>Zimmerverwaltung \/ Automatisierte Upgrades<\/li>\n\n\n\n<li>Richtlinienverwaltung <\/li>\n\n\n\n<li>Automatisierte Preisgestaltung bis zu 1.5 Jahre im Voraus <\/li>\n<\/ul>\n\n\n\n<hr class=\"wp-block-separator has-css-opacity\"\/>\n\n\n\n<h4 class=\"wp-block-heading\">Yield Services \/ Portfolio Management (Auszug)<\/h4>\n\n\n\n<ul class=\"wp-block-list\">\n<li>Revenue Meetings<\/li>\n\n\n\n<li>Regelm\u00e4\u00dfige Performance- &amp; Strategie-\u00dcberpr\u00fcfung\u00a0<\/li>\n\n\n\n<li>Automatisiertes Reporting<\/li>\n\n\n\n<li>Aktives Yield Management (laufend)<\/li>\n\n\n\n<li>Mehrstufiges Controlling (laufend)<\/li>\n\n\n\n<li>Forecasting <\/li>\n\n\n\n<li>Yield Optimierung<\/li>\n<\/ul>\n\n\n\n<hr class=\"wp-block-separator has-css-opacity\"\/>\n\n\n\n<h4 class=\"wp-block-heading\">Channel &amp; Content Management (<strong>laufend<\/strong>)<\/h4>\n\n\n\n<ul class=\"wp-block-list\">\n<li>Optimierung des Content Managements (Sichtbarkeit\/Platzierung)\u00a0<\/li>\n\n\n\n<li>Content Management Updates (Bilder, Richtlinien, Texte, etc.)\u00a0<\/li>\n\n\n\n<li>Angebote \/ Promotion-Management\u00a0<\/li>\n\n\n\n<li>Analyse\u00a0der Vertriebskan\u00e4le<\/li>\n\n\n\n<li>Verdr\u00e4ngungsanalyse<\/li>\n<\/ul>\n\n\n\n<hr class=\"wp-block-separator has-css-opacity\"\/>\n\n\n\n<h4 class=\"wp-block-heading\">Beratung (Auszug)<\/h4>\n\n\n\n<ul class=\"wp-block-list\">\n<li>Revenue Management Strategieberatung\u00a0\u00a0<\/li>\n\n\n\n<li>Corporate Preise\u00a0<\/li>\n\n\n\n<li>RFP Beratung<\/li>\n\n\n\n<li>Preisgestaltung f\u00fcr Gruppen\u00a0<\/li>\n\n\n\n<li>Budget Beratung im Bereich Logisumsatz<\/li>\n<\/ul>\n\n\n\n<hr class=\"wp-block-separator has-css-opacity\"\/>\n\n\n\n<h4 class=\"wp-block-heading\">Support<\/h4>\n\n\n\n<ul class=\"wp-block-list\">\n<li>Technischer Support<\/li>\n\n\n\n<li>Fachlicher Adhoc Support<\/li>\n\n\n\n<li>Notfall Support\u00a0<\/li>\n<\/ul>\n<\/div>\n<\/div>\n<\/div><\/div>\n\n\n\n\n\n<p><\/p>\n","protected":false},"excerpt":{"rendered":"<p>HotelPartner Dienstleistungen W\u00e4hlen Sie das Paket, welches Ihren Anforderungen entspricht: Konsolidieren &amp; zentralisieren Sie Ihr Revenue-Management Hotel Gruppen Gewinnen Sie markt\u00fcbergreifendes Know-how und optimieren&hellip;<\/p>\n","protected":false},"author":1,"featured_media":0,"parent":0,"menu_order":0,"comment_status":"closed","ping_status":"closed","template":"","meta":{"_acf_changed":false,"content-type":"","editor_notices":[],"footnotes":""},"class_list":["post-1836","page","type-page","status-publish","hentry","entry"],"acf":[],"_links":{"self":[{"href":"https:\/\/hotelpartner.com\/de\/wp-json\/wp\/v2\/pages\/1836","targetHints":{"allow":["GET"]}}],"collection":[{"href":"https:\/\/hotelpartner.com\/de\/wp-json\/wp\/v2\/pages"}],"about":[{"href":"https:\/\/hotelpartner.com\/de\/wp-json\/wp\/v2\/types\/page"}],"author":[{"embeddable":true,"href":"https:\/\/hotelpartner.com\/de\/wp-json\/wp\/v2\/users\/1"}],"replies":[{"embeddable":true,"href":"https:\/\/hotelpartner.com\/de\/wp-json\/wp\/v2\/comments?post=1836"}],"version-history":[{"count":23,"href":"https:\/\/hotelpartner.com\/de\/wp-json\/wp\/v2\/pages\/1836\/revisions"}],"predecessor-version":[{"id":46524,"href":"https:\/\/hotelpartner.com\/de\/wp-json\/wp\/v2\/pages\/1836\/revisions\/46524"}],"wp:attachment":[{"href":"https:\/\/hotelpartner.com\/de\/wp-json\/wp\/v2\/media?parent=1836"}],"curies":[{"name":"wp","href":"https:\/\/api.w.org\/{rel}","templated":true}]}}