{"id":11750,"date":"2024-07-17T12:29:38","date_gmt":"2024-07-17T10:29:38","guid":{"rendered":"https:\/\/hotelpartner.com\/de\/?page_id=11750"},"modified":"2024-08-12T10:44:05","modified_gmt":"2024-08-12T08:44:05","slug":"crm-spezialist","status":"publish","type":"page","link":"https:\/\/hotelpartner.com\/de\/karriere\/crm-spezialist\/","title":{"rendered":"Wien &#8211; Lead Generation und CRM-Spezialist (HubSpot)"},"content":{"rendered":"\n<div class=\"wp-block-group is-narrow-800 is-align-center\"><div class=\"wp-block-group__inner-container is-layout-flow wp-block-group-is-layout-flow\">\n<h1 class=\"wp-block-heading has-text-align-left\" id=\"h-lead-generation-und-crm-spezialist-hubspot\"><strong>Lead Generation und CRM-Spezialist (HubSpot)<\/strong><span style=\"font-size: medium;font-weight: 400\"><\/span><\/h1>\n\n\n\n<p class=\"has-large-font-size\">(m\/w\/d), Vollzeit, Wien oder Hamburg<\/p>\n\n\n\n<p>HotelPartner ist f\u00fchrender Dienstleister im Bereich Revenue Management und Distribution f\u00fcr Hotels. Seit unserer Gr\u00fcndung im Jahr 2006 setzen wir auf die TET-Synergie: qualifizierte Teams, bew\u00e4hrte Expertise und modernste Technologien.<\/p>\n\n\n\n<p>Du willst Deine Expertise im Marketing einbringen, bist wissenshungrig, motiviert und bereit voll durchzustarten? Dann bist Du bei uns genau richtig! <strong>Bewirb dich jetzt als Lead Generation und CRM-Spezialist  (m\/w\/d) f\u00fcr unser B\u00fcro in Wien oder Hamburg!<\/strong><\/p>\n\n\n\n<hr class=\"wp-block-separator has-css-opacity\" \/>\n\n\n\n<h3 class=\"wp-block-heading has-text-align-left\" id=\"h-deine-aufgaben\">Deine Aufgaben:<\/h3>\n\n\n\n<ul class=\"wp-block-list\">\n<li><strong>Lead Generation und Growth Experimentation:<\/strong>\n<ul class=\"wp-block-list\">\n<li>\u00dcbernimm gemeinsam mit dem Sales-Team die strategische und operative Verantwortung f\u00fcr unsere Lead-Generierung. Dein Fokus liegt auf der Durchf\u00fchrung von Kampagnentests und der Optimierung des Lead-Funnels, um Conversion-Rates maximal zu steigern.<\/li>\n\n\n\n<li>Plane und f\u00fchre Events zur Lead-Generierung durch, wie Webinare und Workshops, um neue Interessenten zu gewinnen.<\/li>\n\n\n\n<li>Entwickle und implementiere innovative und skalierbare Lead-Generierungsstrategien mithilfe von Growth-Hacking-Methoden, um sowohl konventionelle als auch unkonventionelle Kan\u00e4le zu erschlie\u00dfen.<\/li>\n\n\n\n<li>Nutze Automatisierungstools innerhalb HubSpot zur Optimierung von Lead-Nurturing-Prozessen und sorge f\u00fcr eine effiziente und skalierbare Lead-Bearbeitung.<\/li>\n<\/ul>\n<\/li>\n\n\n\n<li><strong>HubSpot CRM Pflege und Management:<\/strong>\n<ul class=\"wp-block-list\">\n<li>Verwalte und pflege unser CRM-System (HubSpot) zur effizienten Verwaltung und Weitergabe von Leads.<\/li>\n\n\n\n<li>Erstelle, tracke und optimiere E-Mail-Marketing-Kampagnen innerhalb von HubSpot.<\/li>\n\n\n\n<li>Implementiere, optimiere und pflege ein Scoring-System f\u00fcr Marketing Qualified Leads (MQLs) zu Sales Qualified Leads (SQLs), um die Effektivit\u00e4t der Lead-Weitergabe zu maximieren.<\/li>\n\n\n\n<li>F\u00fchre datengetriebene Experimente durch, um die MQL-zu-SQL-Konvertierung kontinuierlich zu verbessern.<\/li>\n<\/ul>\n<\/li>\n\n\n\n<li><strong>Kampagnenmanagement:<\/strong>\n<ul class=\"wp-block-list\">\n<li>\u00dcbernimm die Budgetierung, Planung, Durchf\u00fchrung und Bewertung von Marketingkampagnen in enger Zusammenarbeit mit dem CMO und dem Sales-Team.<\/li>\n\n\n\n<li>Wende Growth Hacking-Techniken an, um Kampagnenstrategien zu optimieren, den ROI zu maximieren und die Effizienz der Marketingaktivit\u00e4ten zu steigern.<\/li>\n\n\n\n<li>Stelle die Skalierbarkeit und Kosteneffizienz der Kampagnen sicher, insbesondere durch die Nutzung datengetriebener Erkenntnisse und Feedbackschleifen.<\/li>\n<\/ul>\n<\/li>\n\n\n\n<li><strong>Koordination von Agenturen (SEO, SEA, Website):<\/strong>\n<ul class=\"wp-block-list\">\n<li>Arbeite eng mit externen Agenturen in den Bereichen SEO, SEA und Website-Management zusammen.<\/li>\n\n\n\n<li>Stelle die Konsistenz und Effektivit\u00e4t aller externen Marketingma\u00dfnahmen durch gezielte Steuerung und \u00dcberwachung der Agenturen sicher.<\/li>\n<\/ul>\n<\/li>\n\n\n\n<li><strong>Tracking &amp; Datenanalyse:<\/strong>\n<ul class=\"wp-block-list\">\n<li>\u00dcberwache und analysiere Marketing-KPIs mithilfe von Google Analytics, um datenbasierte Entscheidungen zu treffen und die Leistung kontinuierlich zu verbessern.<\/li>\n\n\n\n<li>Analysiere, interpretiere und leite Ma\u00dfnahmen aus den Ergebnissen ab \u2013 Erfahrung im Umgang mit Datenanalysetools ist hierbei unerl\u00e4sslich.<\/li>\n<\/ul>\n<\/li>\n\n\n\n<li><strong>Marktplatz-Pr\u00e4senz:<\/strong>\n<ul class=\"wp-block-list\">\n<li>Koordiniere und optimiere die HotelPartner-Auftritte auf Marktpl\u00e4tzen und den Webseiten unserer Integrationspartner, um die Sichtbarkeit und Reichweite unserer Marke zu maximieren.<strong><br><\/strong><\/li>\n<\/ul>\n<\/li>\n<\/ul>\n\n\n\n<hr class=\"wp-block-separator has-css-opacity\" \/>\n\n\n\n<h3 class=\"wp-block-heading has-text-align-left\" id=\"h-dein-profil\">Dein Profil:<\/h3>\n\n\n\n<ul class=\"wp-block-list\">\n<li><strong>Ausbildung:<\/strong> Abgeschlossenes Studium im Bereich Marketing, Kommunikation oder Tourismus.<\/li>\n\n\n\n<li><strong>Erfahrung:<\/strong> Umfangreiche Erfahrung im digitalen Marketing, idealerweise mit nachweisbaren Erfolgen in der Lead-Generierung und im CRM-Management sowie Erfahrung im Growth Hacking.<\/li>\n\n\n\n<li><strong>Arbeitsweise:<\/strong> Eigenverantwortliches, proaktives, strukturiertes und zielorientiertes Arbeiten ist Deine St\u00e4rke.<\/li>\n\n\n\n<li><strong>Denken:<\/strong> Du verf\u00fcgst \u00fcber ausgepr\u00e4gtes analytisches Denken und eine strategische Vorgehensweise.<\/li>\n\n\n\n<li><strong>Sales-Mindset:<\/strong> Du bist vertriebsorientiert und hast idealerweise Erfahrung im Vertrieb oder ein ausgepr\u00e4gtes Verst\u00e4ndnis daf\u00fcr, wie Leads in den Verkaufsprozess integriert werden. Du bist zielstrebig und ergebnisorientiert.<\/li>\n\n\n\n<li><strong>Auftreten:<\/strong> Sicheres und professionelles Auftreten sowie starke Kommunikationsf\u00e4higkeiten zeichnen Dich aus.<\/li>\n\n\n\n<li><strong>Sprachkenntnisse:<\/strong> Flie\u00dfende Deutsch- und Englischkenntnisse; weitere Fremdsprachen sind von Vorteil.<\/li>\n\n\n\n<li><strong>Fachkenntnisse:<\/strong>\n<ul class=\"wp-block-list\">\n<li>Fundierte Erfahrung im Umgang mit HubSpot und Google Analytics.<\/li>\n\n\n\n<li>Sicherer Umgang mit WordPress und HubSpot; Kenntnisse in MS Dynamics sind vom Vorteil.<\/li>\n\n\n\n<li>Kenntnisse in Adobe Creative Suite und Social Media Management Tools sind von Vorteil.<\/li>\n\n\n\n<li>Strategisches und datengetriebenes Denken, gepaart mit Durchsetzungsf\u00e4higkeit und Selbstmanagement, sind f\u00fcr den Erfolg in dieser Position essenziell.<\/li>\n\n\n\n<li>Videografische F\u00e4higkeiten und redaktionelle Kompetenz: Hervorragende schriftliche Kommunikationsf\u00e4higkeiten und Erfahrung im Verfassen und Redigieren von Texten.<\/li>\n<\/ul>\n<\/li>\n<\/ul>\n\n\n\n<p><strong>Selbst, wenn nicht alle Punkte zutreffen \u2013 Schick uns eine Bewerbung und wir werden uns verl\u00e4sslich bei Dir melden!<\/strong><\/p>\n\n\n\n<hr class=\"wp-block-separator has-css-opacity\" \/>\n\n\n\n<h2 class=\"wp-block-heading\" id=\"h-warum-solltest-du-dich-bewerben\"><strong>Warum solltest Du Dich bewerben?<\/strong><\/h2>\n\n\n\n<p>Du hast die Chance, in einem dynamischen Umfeld ma\u00dfgeblich zur Weiterentwicklung unserer Lead-Generierung und CRM-Prozesse beizutragen und Deinen Einfluss direkt auf das Wachstum und den Erfolg unseres Unternehmens auszu\u00fcben.<\/p>\n\n\n\n<hr class=\"wp-block-separator has-alpha-channel-opacity\" \/>\n\n\n\n<h3 class=\"wp-block-heading has-text-align-left\" id=\"h-warum-hotelpartner-nbsp-nbsp\">Warum HotelPartner?<strong>&nbsp;<\/strong>&nbsp;<\/h3>\n\n\n\n<ul class=\"wp-block-list\">\n<li><strong>Gemeinsam Stark:<\/strong> Wir verstehen uns als Team, stehen im l\u00e4nder- und abteilungs\u00fcbergreifenden Austausch und feiern unsere Erfolge.<\/li>\n\n\n\n<li><strong>Hybrid Work:<\/strong> Remote-Tage sind m\u00f6glich, wenn Du das m\u00f6chtest.<\/li>\n\n\n\n<li><strong>Attraktiver Start:<\/strong> In einem umfassenden Onboarding-Programm bringen wir Dir alles bei, was Du f\u00fcr eine erfolgreiche Karriere bei uns ben\u00f6tigst.<\/li>\n\n\n\n<li><strong>Karrierem\u00f6glichkeiten:<\/strong> Wir sind ein wachsendes Unternehmen und m\u00f6chten gemeinsam mit unseren Mitarbeitern wachsen. Unsere Strategie ist es, intern zu f\u00f6rdern und gemeinsam neue Wege zu gehen.<\/li>\n\n\n\n<li><strong>Mobilit\u00e4tszuschuss:<\/strong> Wir unterst\u00fctzen Dich mit einem Zuschuss zum \u00d6PNV-Ticket f\u00fcr den lokalen Nahverkehr.<\/li>\n\n\n\n<li><strong>Offene Kommunikation:<\/strong> Wir kommunizieren auf Augenh\u00f6he und pflegen einen respektvollen Umgang miteinander.<\/li>\n<\/ul>\n\n\n\n<hr class=\"wp-block-separator has-css-opacity\" \/>\n\n\n\n<h3 class=\"wp-block-heading has-text-align-left\" id=\"h-wir-freuen-uns-darauf-dich-kennenzulernen\">Wir freuen uns darauf Dich kennenzulernen! <\/h3>\n\n\n\n<p>Sende Dein&nbsp;Bewerbungsdossier bitte an Daniela Schelski, Senior Chief People &amp; Culture:&nbsp;<a href=\"mailto:jobs@hotelpartner.com\">jobs@hotelpartner.com<\/a><\/p>\n\n\n\n<h4 class=\"wp-block-heading has-text-align-left\" id=\"h-kontakt\"><br>Kontakt<\/h4>\n\n\n\n<p>HotelPartner Deutschland GmbH<br>Steinstra\u00dfe 27<br>20095 Hamburg<\/p>\n\n\n\n<p><a href=\"mailto:jobs@hotelpartner-ym.com?subject=Hotelcareer%20Online%20Bewerbung%20-%20Implementation%20Manager%20(w\/m\/d)\">jobs@hotelpartner.com<\/a><br><a href=\"http:\/\/www.hotelpartner-ym.com\/\" target=\"_blank\" rel=\"noreferrer noopener\">www.hotelpartner.com<\/a><\/p>\n\n\n\n<div style=\"height:33px\" aria-hidden=\"true\" class=\"wp-block-spacer\"><\/div>\n\n\n\n<div id=\"block_cf54e9381f8369492e0a2144ac26e8ac\" class=\"wx-block-card card is-style-outline\">\n    <div class=\"acf-innerblocks-container\">\n\n<div class=\"wp-block-contact-form-7-contact-form-selector application-form\">\n<div class=\"wpcf7 no-js\" id=\"wpcf7-f2026-o1\" lang=\"de-DE\" dir=\"ltr\" data-wpcf7-id=\"2026\">\n<div class=\"screen-reader-response\"><p role=\"status\" aria-live=\"polite\" aria-atomic=\"true\"><\/p> <ul><\/ul><\/div>\n<form action=\"\/de\/wp-json\/wp\/v2\/pages\/11750#wpcf7-f2026-o1\" method=\"post\" class=\"wpcf7-form init\" aria-label=\"Kontaktformular\" enctype=\"multipart\/form-data\" novalidate=\"novalidate\" data-status=\"init\">\n<fieldset class=\"hidden-fields-container\"><input type=\"hidden\" name=\"_wpcf7\" value=\"2026\" \/><input type=\"hidden\" name=\"_wpcf7_version\" value=\"6.1.5\" \/><input type=\"hidden\" name=\"_wpcf7_locale\" value=\"de_DE\" \/><input type=\"hidden\" name=\"_wpcf7_unit_tag\" value=\"wpcf7-f2026-o1\" \/><input type=\"hidden\" name=\"_wpcf7_container_post\" value=\"0\" \/><input type=\"hidden\" name=\"_wpcf7_posted_data_hash\" value=\"\" \/><input type=\"hidden\" name=\"_cf7a__timestamp\" value=\"suHxBRRbcMIHcWvprfssMA==\" \/><input type=\"hidden\" name=\"_cf7a_version\" value=\"1.0\" \/><input type=\"hidden\" name=\"_cf7a_address\" value=\"\" \/><input type=\"hidden\" name=\"_cf7a_referer\" value=\"\" \/><input type=\"hidden\" name=\"_cf7a_protocol\" value=\"\" \/><input type=\"hidden\" name=\"_wpcf7cf_hidden_group_fields\" value=\"[]\" \/><input type=\"hidden\" name=\"_wpcf7cf_hidden_groups\" value=\"[]\" \/><input type=\"hidden\" name=\"_wpcf7cf_visible_groups\" value=\"[]\" \/><input type=\"hidden\" name=\"_wpcf7cf_repeaters\" value=\"[]\" \/><input type=\"hidden\" name=\"_wpcf7cf_steps\" value=\"{}\" \/><input type=\"hidden\" name=\"_wpcf7cf_options\" value=\"{&quot;form_id&quot;:2026,&quot;conditions&quot;:[],&quot;settings&quot;:{&quot;animation&quot;:&quot;yes&quot;,&quot;animation_intime&quot;:200,&quot;animation_outtime&quot;:200,&quot;conditions_ui&quot;:&quot;normal&quot;,&quot;notice_dismissed&quot;:false}}\" \/><input type=\"hidden\" name=\"_cf7a_bot_fingerprint\" value=\"suHxBRRbcMIHcWvprfssMA==\" \/>\n<\/fieldset>\n<div class=\"container\">\n\t<div class=\"row mb-1\">\n\t\t<div class=\"col-3\">\n\t\t\t<p><label for=\"input-anrede\">Anrede <span class=\"screen-reader-text\">(Pflichtfeld)<\/span><span aria-hidden=\"true\">*<\/span><\/label><br \/>\n<span class=\"wpcf7-form-control-wrap\" data-name=\"input-salutation\"><select class=\"wpcf7-form-control wpcf7-select\" id=\"input-anrede\" aria-invalid=\"false\" name=\"input-salutation\"><option value=\"\">Bitte w\u00e4hlen<\/option><option value=\"Frau\">Frau<\/option><option value=\"Herr\">Herr<\/option><option value=\"Keine Angabe\">Keine Angabe<\/option><\/select><\/span>\n\t\t\t<\/p>\n\t\t<\/div>\n\t\t<div class=\"col-4\">\n\t\t\t<p><label for=\"input-firstname\">Vorname <span class=\"screen-reader-text\">(Pflichtfeld)<\/span><span aria-hidden=\"true\">*<\/span><\/label><br \/>\n<span class=\"wpcf7-form-control-wrap\" data-name=\"input-firstname\"><input type=\"text\" name=\"name\" value=\"\" autocomplete=\"fill\" class=\"fit-the-fullspace\" aria-hidden=\"true\" tabindex=\"-1\" \/><input size=\"40\" maxlength=\"400\" class=\"wpcf7-form-control wpcf7-text wpcf7-validates-as-required\" id=\"input-firstname\" aria-required=\"true\" aria-invalid=\"false\" value=\"\" type=\"text\" name=\"input-firstname\" \/><\/span>\n\t\t\t<\/p>\n\t\t<\/div>\n\t\t<div class=\"col-5\">\n\t\t\t<p><label for=\"input-lastname\">Nachname <span class=\"screen-reader-text\">(Pflichtfeld)<\/span><span aria-hidden=\"true\">*<\/span><\/label><br \/>\n<span class=\"wpcf7-form-control-wrap\" data-name=\"input-lastname\"><input size=\"40\" maxlength=\"400\" class=\"wpcf7-form-control wpcf7-text wpcf7-validates-as-required\" id=\"input-lastname\" aria-required=\"true\" aria-invalid=\"false\" value=\"\" type=\"text\" name=\"input-lastname\" \/><input type=\"text\" name=\"email\" value=\"\" autocomplete=\"fill\" class=\"fit-the-fullspace\" aria-hidden=\"true\" tabindex=\"-1\" \/><\/span>\n\t\t\t<\/p>\n\t\t<\/div>\n\t<\/div>\n\t<div class=\"row\">\n\t\t<div class=\"col-6\">\n\t\t\t<p><label for=\"input-email\">E-Mail Adresse <span class=\"screen-reader-text\">(Pflichtfeld)<\/span><span aria-hidden=\"true\">*<\/span><\/label><br \/>\n<span class=\"wpcf7-form-control-wrap\" data-name=\"input-email\"><input size=\"40\" maxlength=\"400\" class=\"wpcf7-form-control wpcf7-email wpcf7-validates-as-required wpcf7-text wpcf7-validates-as-email\" id=\"input-email\" aria-required=\"true\" aria-invalid=\"false\" value=\"\" type=\"email\" name=\"input-email\" \/><\/span>\n\t\t\t<\/p>\n\t\t<\/div>\n\t\t<div class=\"col-6\">\n\t\t\t<p><label for=\"input-phone\">Telefonnummer <span class=\"screen-reader-text\">(Pflichtfeld)<\/span><span aria-hidden=\"true\">*<\/span><\/label><br \/>\n<span class=\"wpcf7-form-control-wrap\" data-name=\"input-phone\"><input size=\"40\" maxlength=\"400\" class=\"wpcf7-form-control wpcf7-tel wpcf7-validates-as-required wpcf7-text wpcf7-validates-as-tel\" id=\"input-phone\" aria-required=\"true\" aria-invalid=\"false\" placeholder=\"Bitte L\u00e4ndervorwahl ausw\u00e4hlen\" value=\"\" data-preferred=\"de|at|ch|li\" data-all=\"al|ad|by|be|ba|bg|cy|cz|dk|de|ee|fi|fr|gr|ie|is|it|xk|hr|li|lv|lt|lu|mt|md|mc|me|nl|mk|no|pl|pt|ro|ru|sm|se|ch|rs|sk|si|es|tr|ua|hu|va|gb|at\" data-preferred=\"de|at|ch|li\" data-all=\"al|ad|by|be|ba|bg|cy|cz|dk|de|ee|fi|fr|gr|ie|is|it|xk|hr|li|lv|lt|lu|mt|md|mc|me|nl|mk|no|pl|pt|ro|ru|sm|se|ch|rs|sk|si|es|tr|ua|hu|va|gb|at\" type=\"tel\" name=\"input-phone\" \/><\/span>\n\t\t\t<\/p>\n\t\t<\/div>\n\t<\/div>\n\t<div class=\"row\">\n\t\t<div class=\"col-12 mt-2\">\n\t\t\t<p><strong>Ihr Lebenlauf <span class=\"screen-reader-text\">(Pflichtfeld)<\/span><span aria-hidden=\"true\">*<\/span><\/strong>\n\t\t\t<\/p>\n\t\t\t<p><span class=\"wpcf7-form-control-wrap\" data-name=\"file-cv\"><input size=\"40\" class=\"wpcf7-form-control wpcf7-file wpcf7-validates-as-required\" id=\"form-cv\" accept=\".pdf\" aria-required=\"true\" aria-invalid=\"false\" type=\"file\" name=\"file-cv\" \/><\/span>\n\t\t\t<\/p>\n\t\t\t<p class=\"has-small-font-size\">Maximale Dateigr\u00f6\u00dfe 6MB, erlaubtes Dateiformat PDF, nur eine Datei ausw\u00e4hlbar.\n\t\t\t<\/p>\n\t\t<\/div>\n\t\t<div class=\"col-12 mt-2\">\n\t\t\t<p><strong>Motivationsschreiben<\/strong> (optional, empfohlen)\n\t\t\t<\/p>\n\t\t\t<p><span class=\"wpcf7-form-control-wrap\" data-name=\"file-motivation-letter\"><input size=\"40\" class=\"wpcf7-form-control wpcf7-file\" id=\"form-motivation-letter\" accept=\".pdf\" aria-invalid=\"false\" type=\"file\" name=\"file-motivation-letter\" \/><\/span>\n\t\t\t<\/p>\n\t\t\t<p class=\"has-small-font-size\">Maximale Dateigr\u00f6\u00dfe 6MB, erlaubtes Dateiformat PDF, nur eine Datei ausw\u00e4hlbar.\n\t\t\t<\/p>\n\t\t<\/div>\n\t\t<div class=\"col-12 mt-2\">\n\t\t\t<p><strong>Zertifikate &amp; Diplome<\/strong> (optional, empfohlen)\n\t\t\t<\/p>\n\t\t\t<p><span class=\"wpcf7-form-control-wrap\" data-name=\"file-references\"><input size=\"40\" class=\"wpcf7-form-control wpcf7-file\" id=\"form-references\" accept=\".pdf\" aria-invalid=\"false\" type=\"file\" name=\"file-references\" \/><\/span>\n\t\t\t<\/p>\n\t\t\t<p class=\"has-small-font-size\">Maximale Dateigr\u00f6\u00dfe 6MB, erlaubtes Dateiformat PDF, nur eine Datei ausw\u00e4hlbar.\n\t\t\t<\/p>\n\t\t<\/div>\n\t<\/div>\n\t<div class=\"row\">\n\t\t<div class=\"col-12 mt-2\">\n\t\t\t<p class=\"is-checkbox\"><span class=\"wpcf7-form-control-wrap\" data-name=\"acceptance-privacy-policy\"><span class=\"wpcf7-form-control wpcf7-acceptance\"><span class=\"wpcf7-list-item\"><label><input type=\"checkbox\" name=\"acceptance-privacy-policy\" aria-describedby=\"acceptance-hint\" value=\"1\" id=\"user-acceptance\" aria-invalid=\"false\" \/><span class=\"wpcf7-list-item-label\">Ich habe die Datenschutzbestimmungen gelesen. Ich bin damit einverstanden, dass meine Kontaktdaten zur weiteren Verarbeitung gespeichert werden. <span class=\"screen-reader-text\">(Pflichtfeld)<\/span><span aria-hidden=\"true\">*<\/span><\/span><\/label><\/span><\/span><\/span>\n\t\t\t<\/p>\n\t\t\t<p id=\"acceptance-hint\" class=\"has-small-font-size\"><a href=\"https:\/\/hotelpartner.com\/de\/datenschutzerklaerung\/\" target=\"_blank\">Zu den Datenschutzbestimmungen<\/a>\n\t\t\t<\/p>\n\t\t\t<div class=\"wp-block-buttons\">\n\t\t\t\t<div class=\"wp-block-button\">\n\t\t\t\t\t<p><input class=\"wpcf7-form-control wpcf7-submit has-spinner wp-block-button__link\" type=\"submit\" value=\"Absenden\" \/>\n\t\t\t\t\t<\/p>\n\t\t\t\t<\/div>\n\t\t\t<\/div>\n\t\t\t<p class=\"has-small-font-size\">Mit * markierte Felder sind Pflichtfelder.\n\t\t\t<\/p>\n\t\t<\/div>\n\t<\/div>\n<\/div><div class=\"wpcf7-response-output\" aria-hidden=\"true\"><\/div>\n<\/form>\n<\/div>\n<\/div>\n\n<\/div>\n<\/div>\n\n\n<div style=\"height:48px\" aria-hidden=\"true\" class=\"wp-block-spacer\"><\/div>\n\n\n\n<div class=\"wx-share-wrapper\">\n\t<div class=\"wx-share\">\n        <span>Dieses Stellenangebot teilen:<\/span>\n\n\t\t<a class=\"wx-share--facebook wx-share-popup\" href=\"javascript:void(0);\" data-share=\"https:\/\/www.facebook.com\/sharer\/sharer.php?u=https:\/\/hotelpartner.com\/de\/karriere\/crm-spezialist\/&title=Wien &#8211; Lead Generation und CRM-Spezialist (HubSpot)\" title=\"Via Facebook teilen\">\n\t\t\t<svg aria-hidden=\"true\" focusable=\"false\" xmlns=\"http:\/\/www.w3.org\/2000\/svg\" width=\"17.5\" height=\"17.5\" viewBox=\"0 0 17.5 17.5\">\n  \t\t\t\t<path id=\"icon-facebook\" d=\"M15.625-16.25H1.875A1.876,1.876,0,0,0,0-14.375V-.625A1.876,1.876,0,0,0,1.875,1.25H7.236V-4.7H4.775V-7.5H7.236V-9.634A3.418,3.418,0,0,1,10.9-13.4a14.91,14.91,0,0,1,2.169.189v2.383H11.843a1.4,1.4,0,0,0-1.579,1.513V-7.5H12.95l-.43,2.8H10.264V1.25h5.361A1.876,1.876,0,0,0,17.5-.625v-13.75A1.876,1.876,0,0,0,15.625-16.25Z\" transform=\"translate(0 16.25)\" fill=\"#404048\"\/>\n\t\t\t<\/svg>\n\t\t\t<span class=\"sr-only\">Facebook<\/span>\n\t\t<\/a>\n\t\t<a class=\"wx-share--twitter wx-share-popup\" href=\"javascript:void(0);\"  data-share=\"https:\/\/twitter.com\/intent\/tweet?original_referer=https:\/\/hotelpartner.com\/de\/karriere\/crm-spezialist\/&text=Wien &#8211; Lead Generation und CRM-Spezialist (HubSpot)&url=https:\/\/hotelpartner.com\/de\/karriere\/crm-spezialist\/\" title=\"Via Twitter teilen\">\n\t\t\t<svg aria-hidden=\"true\" focusable=\"false\" xmlns=\"http:\/\/www.w3.org\/2000\/svg\" width=\"20\" height=\"16.244\" viewBox=\"0 0 20 16.244\">\n\t\t\t\t<path id=\"icon-twitter\" d=\"M17.944-11.574A8.811,8.811,0,0,0,20-13.693a8.217,8.217,0,0,1-2.36.634,4.088,4.088,0,0,0,1.8-2.259,8.07,8.07,0,0,1-2.6.99,4.089,4.089,0,0,0-2.995-1.294,4.1,4.1,0,0,0-4.1,4.1,4.627,4.627,0,0,0,.1.939A11.651,11.651,0,0,1,1.4-14.873,4.068,4.068,0,0,0,.838-12.8,4.1,4.1,0,0,0,2.665-9.391a4.128,4.128,0,0,1-1.853-.52v.051A4.1,4.1,0,0,0,4.1-5.838,4.334,4.334,0,0,1,3.02-5.7a5.166,5.166,0,0,1-.774-.063A4.106,4.106,0,0,0,6.079-2.919,8.209,8.209,0,0,1,.99-1.167,8.483,8.483,0,0,1,0-1.218,11.583,11.583,0,0,0,6.294.622,11.582,11.582,0,0,0,17.957-11.041C17.957-11.218,17.957-11.4,17.944-11.574Z\" transform=\"translate(0 15.622)\" fill=\"#404048\"\/>\n\t\t\t<\/svg>\n\t\t\t<span class=\"sr-only\">Twitter<\/span>\n\t\t<\/a>\n\t\t<a class=\"wx-share--linkedin wx-share-popup\" href=\"javascript:void(0);\" data-share=\"https:\/\/www.linkedin.com\/shareArticle?mini=true&url=https:\/\/hotelpartner.com\/de\/karriere\/crm-spezialist\/&title=Wien &#8211; Lead Generation und CRM-Spezialist (HubSpot)\" title=\"Via LinkedIn teilen\">\n\t\t\t<svg aria-hidden=\"true\" focusable=\"false\" xmlns=\"http:\/\/www.w3.org\/2000\/svg\" width=\"17.5\" height=\"17.5\" viewBox=\"0 0 17.5 17.5\">\n\t\t\t\t<path id=\"icon-linkedin\" d=\"M3.917,0V-11.684H.289V0ZM2.1-13.277A2.119,2.119,0,0,0,4.2-15.4a2.1,2.1,0,0,0-2.1-2.1A2.1,2.1,0,0,0,0-15.4,2.119,2.119,0,0,0,2.1-13.277ZM17.5,0h0V-6.418c0-3.141-.675-5.559-4.347-5.559A3.812,3.812,0,0,0,9.72-10.09H9.67v-1.594H6.19V0H9.814V-5.785c0-1.523.289-3,2.175-3,1.859,0,1.886,1.738,1.886,3.094V0Z\" transform=\"translate(0 17.5)\" fill=\"#404048\"\/>\n\t\t\t<\/svg>\n\t\t\t<span class=\"sr-only\">LinkedIn<\/span>\n\t\t<\/a>\n\t\t<a class=\"wx-share--whatsapp\" target=\"_blank\" href=\"https:\/\/api.whatsapp.com\/send?text=Wien &#8211; Lead Generation und CRM-Spezialist (HubSpot)\" title=\"Via WhatsApp teilen\">\n\t\t\t<svg aria-hidden=\"true\" focusable=\"false\" xmlns=\"http:\/\/www.w3.org\/2000\/svg\" width=\"17.5\" height=\"17.5\" viewBox=\"0 0 17.5 17.5\">\n\t\t\t\t<path id=\"icon-whatsapp\" d=\"M14.879-13.707A8.607,8.607,0,0,0,8.746-16.25,8.682,8.682,0,0,0,.074-7.578,8.681,8.681,0,0,0,1.23-3.242L0,1.25,4.6.043A8.645,8.645,0,0,0,8.742,1.1h0A8.755,8.755,0,0,0,17.5-7.574,8.706,8.706,0,0,0,14.879-13.707ZM8.746-.363a7.2,7.2,0,0,1-3.672-1l-.262-.156L2.086-.809l.727-2.66-.172-.273a7.184,7.184,0,0,1-1.1-3.836A7.218,7.218,0,0,1,8.75-14.785a7.144,7.144,0,0,1,5.094,2.113,7.236,7.236,0,0,1,2.191,5.1A7.288,7.288,0,0,1,8.746-.363Zm3.953-5.4c-.215-.109-1.281-.633-1.48-.7s-.344-.109-.488.109-.559.7-.688.852-.254.164-.469.055A5.9,5.9,0,0,1,6.625-8.027c-.223-.383.223-.355.637-1.184a.4.4,0,0,0-.02-.379c-.055-.109-.488-1.176-.668-1.609s-.355-.363-.488-.371-.27-.008-.414-.008a.8.8,0,0,0-.578.27A2.435,2.435,0,0,0,4.336-9.5a4.245,4.245,0,0,0,.883,2.242,9.683,9.683,0,0,0,3.7,3.273,4.24,4.24,0,0,0,2.6.543,2.22,2.22,0,0,0,1.461-1.031A1.812,1.812,0,0,0,13.109-5.5C13.059-5.6,12.914-5.656,12.7-5.762Z\" transform=\"translate(0 16.25)\" fill=\"#404048\"\/>\n\t\t\t<\/svg>\n\t\t\t<span class=\"sr-only\">Twitter<\/span>\n\t\t<\/a>\n\t\t<a class=\"wx-share--email\" target=\"_blank\" href=\"mailto:?subject=Wien &#8211; Lead Generation und CRM-Spezialist (HubSpot)&body=Schau\u2019 dir mal diese Seite an: https:\/\/hotelpartner.com\/de\/karriere\/crm-spezialist\/\" title=\"Via E-Mail teilen\">\n\t\t\t<svg aria-hidden=\"true\" focusable=\"false\" xmlns=\"http:\/\/www.w3.org\/2000\/svg\" width=\"16\" height=\"12\" viewBox=\"0 0 16 12\">\n  \t\t\t\t<path id=\"icon-email\" d=\"M15.7-8.037c-.7.544-1.625,1.238-4.812,3.553C10.25-4.022,9.116-2.987,8-3,6.891-2.991,5.778-4,5.119-4.484,1.931-6.8,1-7.491.3-8.034a.187.187,0,0,0-.3.147V-1.5A1.5,1.5,0,0,0,1.5,0h13A1.5,1.5,0,0,0,16-1.5V-7.891A.188.188,0,0,0,15.7-8.037ZM8-4c.725.013,1.769-.913,2.294-1.294,4.147-3.009,4.462-3.272,5.419-4.022A.748.748,0,0,0,16-9.906V-10.5A1.5,1.5,0,0,0,14.5-12H1.5A1.5,1.5,0,0,0,0-10.5v.594a.752.752,0,0,0,.288.591c.956.747,1.272,1.012,5.419,4.022C6.231-4.912,7.275-3.987,8-4Z\" transform=\"translate(0 12)\" fill=\"#404048\"\/>\n\t\t\t<\/svg>\n\t\t\t<span class=\"sr-only\">E-Mail<\/span>\n\t\t<\/a>\n\t<\/div>\n<\/div>\n\n\n\n<p><\/p>\n<\/div><\/div>\n","protected":false},"excerpt":{"rendered":"<p>Lead Generation und CRM-Spezialist (HubSpot) (m\/w\/d), Vollzeit, Wien oder Hamburg HotelPartner ist f\u00fchrender Dienstleister im Bereich Revenue Management und Distribution f\u00fcr Hotels. Seit unserer&hellip;<\/p>\n","protected":false},"author":11,"featured_media":0,"parent":2010,"menu_order":0,"comment_status":"closed","ping_status":"closed","template":"","meta":{"_acf_changed":false,"content-type":"","editor_notices":[],"footnotes":""},"class_list":["post-11750","page","type-page","status-publish","hentry","entry"],"acf":[],"_links":{"self":[{"href":"https:\/\/hotelpartner.com\/de\/wp-json\/wp\/v2\/pages\/11750","targetHints":{"allow":["GET"]}}],"collection":[{"href":"https:\/\/hotelpartner.com\/de\/wp-json\/wp\/v2\/pages"}],"about":[{"href":"https:\/\/hotelpartner.com\/de\/wp-json\/wp\/v2\/types\/page"}],"author":[{"embeddable":true,"href":"https:\/\/hotelpartner.com\/de\/wp-json\/wp\/v2\/users\/11"}],"replies":[{"embeddable":true,"href":"https:\/\/hotelpartner.com\/de\/wp-json\/wp\/v2\/comments?post=11750"}],"version-history":[{"count":2,"href":"https:\/\/hotelpartner.com\/de\/wp-json\/wp\/v2\/pages\/11750\/revisions"}],"predecessor-version":[{"id":11963,"href":"https:\/\/hotelpartner.com\/de\/wp-json\/wp\/v2\/pages\/11750\/revisions\/11963"}],"up":[{"embeddable":true,"href":"https:\/\/hotelpartner.com\/de\/wp-json\/wp\/v2\/pages\/2010"}],"wp:attachment":[{"href":"https:\/\/hotelpartner.com\/de\/wp-json\/wp\/v2\/media?parent=11750"}],"curies":[{"name":"wp","href":"https:\/\/api.w.org\/{rel}","templated":true}]}}